{"id":5439,"date":"2024-06-05T18:28:14","date_gmt":"2024-06-05T16:28:14","guid":{"rendered":"https:\/\/saltvikscamping.se\/bootsausfluege\/"},"modified":"2024-06-05T18:28:15","modified_gmt":"2024-06-05T16:28:15","slug":"bootsausfluege","status":"publish","type":"page","link":"https:\/\/saltvikscamping.se\/de\/bootsausfluege\/","title":{"rendered":"BOOTSAUSFL\u00dcGE"},"content":{"rendered":"<div class=\"wpb-content-wrapper\">[vc_row unlock_row_content=&#8220;yes&#8220; row_height_percent=&#8220;66&#8243; back_image=&#8220;3900&#8243; parallax=&#8220;yes&#8220; overlay_alpha=&#8220;50&#8243; gutter_size=&#8220;3&#8243; column_width_percent=&#8220;100&#8243; shift_y=&#8220;0&#8243; z_index=&#8220;0&#8243; uncode_shortcode_id=&#8220;195276&#8243;][vc_column column_width_percent=&#8220;100&#8243; align_horizontal=&#8220;align_center&#8220; gutter_size=&#8220;3&#8243; overlay_alpha=&#8220;50&#8243; shift_x=&#8220;0&#8243; shift_y=&#8220;0&#8243; shift_y_down=&#8220;0&#8243; z_index=&#8220;0&#8243; medium_width=&#8220;0&#8243; mobile_width=&#8220;0&#8243; width=&#8220;1\/1&#8243; mobile_height=&#8220;340&#8243; uncode_shortcode_id=&#8220;206105&#8243;][\/vc_column][\/vc_row][vc_row unlock_row_content=&#8220;yes&#8220; row_height_percent=&#8220;0&#8243; override_padding=&#8220;yes&#8220; h_padding=&#8220;2&#8243; top_padding=&#8220;0&#8243; bottom_padding=&#8220;0&#8243; overlay_alpha=&#8220;100&#8243; gutter_size=&#8220;3&#8243; column_width_percent=&#8220;100&#8243; shift_y=&#8220;0&#8243; z_index=&#8220;0&#8243; row_height_use_pixel=&#8220;&#8220; uncode_shortcode_id=&#8220;819629&#8243;][vc_column column_width_percent=&#8220;70&#8243; align_horizontal=&#8220;align_center&#8220; gutter_size=&#8220;3&#8243; overlay_alpha=&#8220;50&#8243; shift_x=&#8220;0&#8243; shift_y=&#8220;0&#8243; shift_y_down=&#8220;0&#8243; z_index=&#8220;0&#8243; medium_width=&#8220;0&#8243; mobile_width=&#8220;0&#8243; zoom_width=&#8220;0&#8243; zoom_height=&#8220;0&#8243; width=&#8220;5\/6&#8243; uncode_shortcode_id=&#8220;177283&#8243;][vc_empty_space empty_h=&#8220;2&#8243;][vc_custom_heading text_color=&#8220;color-gradient&#8220; heading_semantic=&#8220;h6&#8243; text_size=&#8220;fontsize-hero&#8220; text_transform=&#8220;uppercase&#8220; uncode_shortcode_id=&#8220;137962&#8243; text_color_type=&#8220;uncode-palette&#8220;]BOOTSAUSFL\u00dcGE[\/vc_custom_heading][vc_column_text text_color=&#8220;color-wvjs&#8220; uncode_shortcode_id=&#8220;198616&#8243; text_color_type=&#8220;uncode-palette&#8220;]\n<p style=\"text-align: center;\">M\u00f6chten Sie die schwedische Westk\u00fcste von ihrer sch\u00f6nsten Seite kennenlernen?<br \/>\nDann buchen Sie einen unserer wunderbaren Bootsausfl\u00fcge.<br \/>\nErleben Sie das sch\u00f6ne Bohusl\u00e4n, das Meer und \u2013 wie wir finden \u2013 die sch\u00f6nste Inselgruppe der Welt vor Fj\u00e4llbacka und Grebbestad.<br \/>\nOder genie\u00dfen Sie einen sch\u00f6nen Sommerabend in einer der vielen Bars und Restaurants von Grebbestad.<\/p>\n[\/vc_column_text][vc_button button_color=&#8220;color-gradient&#8220; size=&#8220;btn-lg&#8220; radius=&#8220;btn-round&#8220; border_animation=&#8220;btn-ripple-in&#8220; shadow=&#8220;yes&#8220; shadow_weight=&#8220;std&#8220; border_width=&#8220;0&#8243; link=&#8220;url:https%3A%2F%2Fadventurehero.se%2Fproperties%2Fdetails%2F64590736d217250000486b1d%23%2Faktiviteter|&#8220; button_color_type=&#8220;uncode-palette&#8220; uncode_shortcode_id=&#8220;601063&#8243;]HIER ALLE AUSFL\u00dcGE ANSEHEN UND BUCHEN[\/vc_button][vc_column_text uncode_shortcode_id=&#8220;961361&#8243;]\n<p style=\"text-align: center;\"><strong>Badeausflug<\/strong><\/p>\n<p style=\"text-align: center;\">Dieser Badeausflug dauert 30 Minuten einfache Fahrt und f\u00fchrt nach Ullsholmen. Hier k\u00f6nnen Sie von den Felsen und vom Sandstrand aus baden. Nehmen Sie Ihr Mittagessen mit und verbringen Sie den ganzen Tag in der Sonne und beim Baden. Unterwegs kommen wir am Leuchtturm V\u00e4cker und den weltbekannten Gew\u00e4ssern vor Tjurpannan vorbei. Nach vier Stunden holen wir Sie wieder ab, nach einem Tag voller Sonne und Salz in der Luft.<\/p>\n<p style=\"text-align: center;\">___________________________________<\/p>\n<p style=\"text-align: center;\"><strong>Sightseeing-Tour nach Fj\u00e4llbacka<\/strong><\/p>\n<p style=\"text-align: center;\">Die Fahrt ins bekannte Fj\u00e4llbacka dauert rund 90 Minuten. Wir durchqueren den sch\u00f6nsten Archipel der schwedischen Westk\u00fcste und kommen dabei unter anderem an Ingrid Bergmans Sommerhaus Dannholmen vorbei.<\/p>\n<p style=\"text-align: center;\">Nach der Ankunft in Fj\u00e4llbacka haben Sie ausreichend Zeit, um durch die Stadt zu schlendern oder eine Kleinigkeit zu essen.<\/p>\n<p style=\"text-align: center;\"><a href=\"https:\/\/adventurehero.se\/activities\/booking\/64590736d217250000486b1d\/645a6ae3cec4f900000ed407#\/aktiviteter\"><strong>Hier buchen<\/strong><\/a><\/p>\n<p style=\"text-align: center;\">___________________________________<\/p>\n<p style=\"text-align: center;\"><strong>Sightseeing-Tour nach Grebbestad<\/strong><\/p>\n<p style=\"text-align: center;\">Nach nur wenigen Minuten auf dem Boot erreichen Sie den \u00e4u\u00dfersten K\u00fcstenstreifen und den \u00dcbergang zum Skagerrak. Sie sehen die rauen Felsen, die typisch f\u00fcr Bohusl\u00e4n sind, und viele pittoreske H\u00e4user und G\u00e4rten auf der windgesch\u00fctzten Seite der Inseln. Wir kommen an gro\u00dfen Yachten vorbei, die in den sch\u00f6nen Naturh\u00e4fen liegen. Wir erreichen dann Grebbestad und Sie haben ausreichend Zeit, um an Land zu gehen und auf der Uferpromenade zu flanieren oder ein Eis zu essen.<\/p>\n<p style=\"text-align: center;\"><a href=\"https:\/\/adventurehero.se\/activities\/booking\/64590736d217250000486b1d\/64591138d217250000486b28#\/aktiviteter\"><strong>Hier buchen<\/strong><\/a><\/p>\n<p style=\"text-align: center;\">___________________________________<\/p>\n<p style=\"text-align: center;\"><strong>Abendausflug<\/strong><\/p>\n<p style=\"text-align: center;\">Diese Tour f\u00fchrt nach Grebbestad f\u00fcr einen Abend auf der Uferpromenade und einen Besuch in einem der Restaurants.\u00a0 Es bleibt auch ausreichend Zeit zum Shoppen. Auf dem R\u00fcckweg erleben Sie den wunderbaren Sonnenuntergang in der Inselwelt vor Grebbestad.<br \/>\nNehmen Sie eine Jacke oder einen Pullover mit, im Wind auf der R\u00fcckfahrt kann es etwas k\u00fchler werden.<\/p>\n<p style=\"text-align: center;\"><a href=\"https:\/\/adventurehero.se\/activities\/booking\/64590736d217250000486b1d\/645a6573cec4f900000ed3ff#\/aktiviteter\"><strong>Hier buchen<\/strong><\/a><\/p>\n<p style=\"text-align: center;\">___________________________________<\/p>\n<p style=\"text-align: center;\"><strong>Einfache Fahrten<\/strong><\/p>\n<p style=\"text-align: center;\">Nehmen Sie das Boot f\u00fcr eine einfache Fahrt von Saltvik nach Grebbestad, um einen Abend auf der Uferpromenade zu verbringen, oder von Grebbestad zum bekannten Restaurant Bistro Tjurpannan in Saltvik. Die Fahrt dauert 40 Minuten und kostet 200 SEK f\u00fcr Erwachsene und 150 SEK f\u00fcr Kinder.<\/p>\n<p style=\"text-align: center;\">Von Saltvik nach Grebbestad:<br \/>\nAbfahrt 18.00 und 20.00 Uhr<br \/>\nVon Grebbestad nach Saltvik:<br \/>\nAbfahrt 19.00 und 21.00 Uhr<br \/>\nF\u00fcr Buchungen rufen Sie H\u00e5kan an unter +46 (0)708219032<\/p>\n<p style=\"text-align: center;\">___________________________________<\/p>\n<p style=\"text-align: center;\"><strong>Charter<\/strong><\/p>\n<p style=\"text-align: center;\">Wenn Sie ein eigenes Reiseziel ansteuern m\u00f6chten, helfen wir Ihnen gern weiter. Rufen Sie uns an f\u00fcr ein Angebot.<\/p>\n<p style=\"text-align: center;\">___________________________________<\/p>\n<p style=\"text-align: center;\"><strong>Hafen<\/strong><\/p>\n<p style=\"text-align: center;\">Besteigen Sie das Boot am Kai bei den Fischerschuppen in Saltvik. Nach Vereinbarung holen wir auch Fahrg\u00e4ste in Edsvik ab.<\/p>\n<p style=\"text-align: center;\">___________________________________<\/p>\n<p style=\"text-align: center;\"><strong>Boot<\/strong><\/p>\n<p style=\"text-align: center;\">Unser Boot hei\u00dft Leontina af Saltvik. Es ist ein offenes Nautus Boot, das von Bootsbegeisterten in G\u00f6teborg gebaut wurde. Es ist zeitlos, funktional, gut konstruiert und seetauglich. Mit einem Yanmar 110-PS-Dieselmotor erreicht es bis zu 20 Knoten.<\/p>\n[\/vc_column_text][vc_custom_heading uncode_shortcode_id=&#8220;165262&#8243;]\n<p style=\"text-align: center;\"><strong>Wenn Sie Fragen haben, rufen Sie unseren Kapit\u00e4n H\u00e5kan an unter +46 (0) 708219032<\/strong><\/p>\n[\/vc_custom_heading][\/vc_column][\/vc_row][vc_row unlock_row_content=&#8220;yes&#8220; row_height_percent=&#8220;0&#8243; override_padding=&#8220;yes&#8220; h_padding=&#8220;2&#8243; top_padding=&#8220;3&#8243; bottom_padding=&#8220;5&#8243; overlay_alpha=&#8220;100&#8243; gutter_size=&#8220;3&#8243; column_width_percent=&#8220;100&#8243; shift_y=&#8220;0&#8243; z_index=&#8220;0&#8243; row_height_use_pixel=&#8220;&#8220; uncode_shortcode_id=&#8220;961374&#8243;][vc_column column_width_percent=&#8220;100&#8243; align_horizontal=&#8220;align_center&#8220; gutter_size=&#8220;3&#8243; overlay_alpha=&#8220;50&#8243; shift_x=&#8220;0&#8243; shift_y=&#8220;0&#8243; shift_y_down=&#8220;0&#8243; z_index=&#8220;0&#8243; medium_width=&#8220;0&#8243; mobile_width=&#8220;0&#8243; zoom_width=&#8220;0&#8243; zoom_height=&#8220;0&#8243; uncode_shortcode_id=&#8220;166103&#8243;][vc_gallery el_id=&#8220;gallery-172154&#8243; type=&#8220;carousel&#8220; random=&#8220;yes&#8220; medias=&#8220;2934,3939,2926,3943,3911,2928,3945,2932,2936,3951,2938,3941,3949,3909&#8243; explode_albums=&#8220;yes&#8220; carousel_lg=&#8220;5&#8243; carousel_md=&#8220;3&#8243; carousel_sm=&#8220;1&#8243; gutter_size=&#8220;3&#8243; media_items=&#8220;media|lightbox|original,icon|md&#8220; carousel_interval=&#8220;3000&#8243; carousel_navspeed=&#8220;400&#8243; stage_padding=&#8220;0&#8243; single_overlay_opacity=&#8220;50&#8243; single_padding=&#8220;2&#8243; uncode_shortcode_id=&#8220;102658&#8243;][\/vc_column][\/vc_row]\n<\/div>","protected":false},"excerpt":{"rendered":"<p>[vc_row unlock_row_content=&#8220;yes&#8220; row_height_percent=&#8220;66&#8243; back_image=&#8220;3900&#8243; parallax=&#8220;yes&#8220; overlay_alpha=&#8220;50&#8243; gutter_size=&#8220;3&#8243; column_width_percent=&#8220;100&#8243; shift_y=&#8220;0&#8243; z_index=&#8220;0&#8243; uncode_shortcode_id=&#8220;195276&#8243;][vc_column column_width_percent=&#8220;100&#8243; align_horizontal=&#8220;align_center&#8220; gutter_size=&#8220;3&#8243; overlay_alpha=&#8220;50&#8243; shift_x=&#8220;0&#8243; shift_y=&#8220;0&#8243; shift_y_down=&#8220;0&#8243; z_index=&#8220;0&#8243; medium_width=&#8220;0&#8243; [&hellip;]<\/p>\n","protected":false},"author":5,"featured_media":3907,"parent":0,"menu_order":0,"comment_status":"closed","ping_status":"closed","template":"","meta":{"_monsterinsights_skip_tracking":false,"_monsterinsights_sitenote_active":false,"_monsterinsights_sitenote_note":"","_monsterinsights_sitenote_category":0,"footnotes":""},"class_list":["post-5439","page","type-page","status-publish","has-post-thumbnail","hentry"],"yoast_head":"<!-- This site is optimized with the Yoast SEO plugin v26.8 - https:\/\/yoast.com\/product\/yoast-seo-wordpress\/ -->\n<title>BOOTSAUSFL\u00dcGE - Saltviks Camping<\/title>\n<meta name=\"robots\" content=\"index, follow, max-snippet:-1, max-image-preview:large, max-video-preview:-1\" \/>\n<link rel=\"canonical\" href=\"https:\/\/saltvikscamping.se\/de\/bootsausfluege\/\" \/>\n<meta property=\"og:locale\" content=\"de_DE\" \/>\n<meta property=\"og:type\" content=\"article\" \/>\n<meta property=\"og:title\" content=\"BOOTSAUSFL\u00dcGE - Saltviks Camping\" \/>\n<meta property=\"og:description\" content=\"[vc_row unlock_row_content=&#8220;yes&#8220; row_height_percent=&#8220;66&#8243; back_image=&#8220;3900&#8243; parallax=&#8220;yes&#8220; overlay_alpha=&#8220;50&#8243; gutter_size=&#8220;3&#8243; column_width_percent=&#8220;100&#8243; shift_y=&#8220;0&#8243; z_index=&#8220;0&#8243; uncode_shortcode_id=&#8220;195276&#8243;][vc_column column_width_percent=&#8220;100&#8243; align_horizontal=&#8220;align_center&#8220; gutter_size=&#8220;3&#8243; overlay_alpha=&#8220;50&#8243; shift_x=&#8220;0&#8243; shift_y=&#8220;0&#8243; shift_y_down=&#8220;0&#8243; z_index=&#8220;0&#8243; medium_width=&#8220;0&#8243; [&hellip;]\" \/>\n<meta property=\"og:url\" content=\"https:\/\/saltvikscamping.se\/de\/bootsausfluege\/\" \/>\n<meta property=\"og:site_name\" content=\"Saltviks Camping\" \/>\n<meta property=\"article:publisher\" content=\"https:\/\/www.facebook.com\/Saltviks-Camping-143837085679368\/\" \/>\n<meta property=\"article:modified_time\" content=\"2024-06-05T16:28:15+00:00\" \/>\n<meta property=\"og:image\" content=\"http:\/\/saltvikscamping.se\/wp-content\/uploads\/2023\/06\/DSC_0034-scaled.jpg\" \/>\n\t<meta property=\"og:image:width\" content=\"2560\" \/>\n\t<meta property=\"og:image:height\" content=\"1707\" \/>\n\t<meta property=\"og:image:type\" content=\"image\/jpeg\" \/>\n<meta name=\"twitter:card\" content=\"summary_large_image\" \/>\n<meta name=\"twitter:label1\" content=\"Gesch\u00e4tzte Lesezeit\" \/>\n\t<meta name=\"twitter:data1\" content=\"4\u00a0Minuten\" \/>\n<script type=\"application\/ld+json\" class=\"yoast-schema-graph\">{\"@context\":\"https:\/\/schema.org\",\"@graph\":[{\"@type\":\"WebPage\",\"@id\":\"https:\/\/saltvikscamping.se\/de\/bootsausfluege\/\",\"url\":\"https:\/\/saltvikscamping.se\/de\/bootsausfluege\/\",\"name\":\"BOOTSAUSFL\u00dcGE - Saltviks Camping\",\"isPartOf\":{\"@id\":\"https:\/\/saltvikscamping.se\/de\/#website\"},\"primaryImageOfPage\":{\"@id\":\"https:\/\/saltvikscamping.se\/de\/bootsausfluege\/#primaryimage\"},\"image\":{\"@id\":\"https:\/\/saltvikscamping.se\/de\/bootsausfluege\/#primaryimage\"},\"thumbnailUrl\":\"https:\/\/saltvikscamping.se\/wp-content\/uploads\/2023\/06\/DSC_0034-scaled.jpg\",\"datePublished\":\"2024-06-05T16:28:14+00:00\",\"dateModified\":\"2024-06-05T16:28:15+00:00\",\"breadcrumb\":{\"@id\":\"https:\/\/saltvikscamping.se\/de\/bootsausfluege\/#breadcrumb\"},\"inLanguage\":\"de\",\"potentialAction\":[{\"@type\":\"ReadAction\",\"target\":[\"https:\/\/saltvikscamping.se\/de\/bootsausfluege\/\"]}]},{\"@type\":\"ImageObject\",\"inLanguage\":\"de\",\"@id\":\"https:\/\/saltvikscamping.se\/de\/bootsausfluege\/#primaryimage\",\"url\":\"https:\/\/saltvikscamping.se\/wp-content\/uploads\/2023\/06\/DSC_0034-scaled.jpg\",\"contentUrl\":\"https:\/\/saltvikscamping.se\/wp-content\/uploads\/2023\/06\/DSC_0034-scaled.jpg\",\"width\":2560,\"height\":1707},{\"@type\":\"BreadcrumbList\",\"@id\":\"https:\/\/saltvikscamping.se\/de\/bootsausfluege\/#breadcrumb\",\"itemListElement\":[{\"@type\":\"ListItem\",\"position\":1,\"name\":\"Hem\",\"item\":\"https:\/\/saltvikscamping.se\/de\/\"},{\"@type\":\"ListItem\",\"position\":2,\"name\":\"BOOTSAUSFL\u00dcGE\"}]},{\"@type\":\"WebSite\",\"@id\":\"https:\/\/saltvikscamping.se\/de\/#website\",\"url\":\"https:\/\/saltvikscamping.se\/de\/\",\"name\":\"Saltviks Camping\",\"description\":\"Camping och stugor - Grebbestad, Bohusl\u00e4n\",\"publisher\":{\"@id\":\"https:\/\/saltvikscamping.se\/de\/#organization\"},\"potentialAction\":[{\"@type\":\"SearchAction\",\"target\":{\"@type\":\"EntryPoint\",\"urlTemplate\":\"https:\/\/saltvikscamping.se\/de\/?s={search_term_string}\"},\"query-input\":{\"@type\":\"PropertyValueSpecification\",\"valueRequired\":true,\"valueName\":\"search_term_string\"}}],\"inLanguage\":\"de\"},{\"@type\":\"Organization\",\"@id\":\"https:\/\/saltvikscamping.se\/de\/#organization\",\"name\":\"Saltviks Camping\",\"url\":\"https:\/\/saltvikscamping.se\/de\/\",\"logo\":{\"@type\":\"ImageObject\",\"inLanguage\":\"de\",\"@id\":\"https:\/\/saltvikscamping.se\/de\/#\/schema\/logo\/image\/\",\"url\":\"https:\/\/saltvikscamping.se\/wp-content\/uploads\/2020\/05\/SALTVIKS_black.svg\",\"contentUrl\":\"https:\/\/saltvikscamping.se\/wp-content\/uploads\/2020\/05\/SALTVIKS_black.svg\",\"width\":\"1\",\"height\":\"1\",\"caption\":\"Saltviks Camping\"},\"image\":{\"@id\":\"https:\/\/saltvikscamping.se\/de\/#\/schema\/logo\/image\/\"},\"sameAs\":[\"https:\/\/www.facebook.com\/Saltviks-Camping-143837085679368\/\",\"https:\/\/www.instagram.com\/saltvikscamping\/\"]}]}<\/script>\n<!-- \/ Yoast SEO plugin. -->","yoast_head_json":{"title":"BOOTSAUSFL\u00dcGE - Saltviks Camping","robots":{"index":"index","follow":"follow","max-snippet":"max-snippet:-1","max-image-preview":"max-image-preview:large","max-video-preview":"max-video-preview:-1"},"canonical":"https:\/\/saltvikscamping.se\/de\/bootsausfluege\/","og_locale":"de_DE","og_type":"article","og_title":"BOOTSAUSFL\u00dcGE - Saltviks Camping","og_description":"[vc_row unlock_row_content=&#8220;yes&#8220; row_height_percent=&#8220;66&#8243; back_image=&#8220;3900&#8243; parallax=&#8220;yes&#8220; overlay_alpha=&#8220;50&#8243; gutter_size=&#8220;3&#8243; column_width_percent=&#8220;100&#8243; shift_y=&#8220;0&#8243; z_index=&#8220;0&#8243; uncode_shortcode_id=&#8220;195276&#8243;][vc_column column_width_percent=&#8220;100&#8243; align_horizontal=&#8220;align_center&#8220; gutter_size=&#8220;3&#8243; overlay_alpha=&#8220;50&#8243; shift_x=&#8220;0&#8243; shift_y=&#8220;0&#8243; shift_y_down=&#8220;0&#8243; z_index=&#8220;0&#8243; medium_width=&#8220;0&#8243; [&hellip;]","og_url":"https:\/\/saltvikscamping.se\/de\/bootsausfluege\/","og_site_name":"Saltviks Camping","article_publisher":"https:\/\/www.facebook.com\/Saltviks-Camping-143837085679368\/","article_modified_time":"2024-06-05T16:28:15+00:00","og_image":[{"width":2560,"height":1707,"url":"http:\/\/saltvikscamping.se\/wp-content\/uploads\/2023\/06\/DSC_0034-scaled.jpg","type":"image\/jpeg"}],"twitter_card":"summary_large_image","twitter_misc":{"Gesch\u00e4tzte Lesezeit":"4\u00a0Minuten"},"schema":{"@context":"https:\/\/schema.org","@graph":[{"@type":"WebPage","@id":"https:\/\/saltvikscamping.se\/de\/bootsausfluege\/","url":"https:\/\/saltvikscamping.se\/de\/bootsausfluege\/","name":"BOOTSAUSFL\u00dcGE - Saltviks Camping","isPartOf":{"@id":"https:\/\/saltvikscamping.se\/de\/#website"},"primaryImageOfPage":{"@id":"https:\/\/saltvikscamping.se\/de\/bootsausfluege\/#primaryimage"},"image":{"@id":"https:\/\/saltvikscamping.se\/de\/bootsausfluege\/#primaryimage"},"thumbnailUrl":"https:\/\/saltvikscamping.se\/wp-content\/uploads\/2023\/06\/DSC_0034-scaled.jpg","datePublished":"2024-06-05T16:28:14+00:00","dateModified":"2024-06-05T16:28:15+00:00","breadcrumb":{"@id":"https:\/\/saltvikscamping.se\/de\/bootsausfluege\/#breadcrumb"},"inLanguage":"de","potentialAction":[{"@type":"ReadAction","target":["https:\/\/saltvikscamping.se\/de\/bootsausfluege\/"]}]},{"@type":"ImageObject","inLanguage":"de","@id":"https:\/\/saltvikscamping.se\/de\/bootsausfluege\/#primaryimage","url":"https:\/\/saltvikscamping.se\/wp-content\/uploads\/2023\/06\/DSC_0034-scaled.jpg","contentUrl":"https:\/\/saltvikscamping.se\/wp-content\/uploads\/2023\/06\/DSC_0034-scaled.jpg","width":2560,"height":1707},{"@type":"BreadcrumbList","@id":"https:\/\/saltvikscamping.se\/de\/bootsausfluege\/#breadcrumb","itemListElement":[{"@type":"ListItem","position":1,"name":"Hem","item":"https:\/\/saltvikscamping.se\/de\/"},{"@type":"ListItem","position":2,"name":"BOOTSAUSFL\u00dcGE"}]},{"@type":"WebSite","@id":"https:\/\/saltvikscamping.se\/de\/#website","url":"https:\/\/saltvikscamping.se\/de\/","name":"Saltviks Camping","description":"Camping och stugor - Grebbestad, Bohusl\u00e4n","publisher":{"@id":"https:\/\/saltvikscamping.se\/de\/#organization"},"potentialAction":[{"@type":"SearchAction","target":{"@type":"EntryPoint","urlTemplate":"https:\/\/saltvikscamping.se\/de\/?s={search_term_string}"},"query-input":{"@type":"PropertyValueSpecification","valueRequired":true,"valueName":"search_term_string"}}],"inLanguage":"de"},{"@type":"Organization","@id":"https:\/\/saltvikscamping.se\/de\/#organization","name":"Saltviks Camping","url":"https:\/\/saltvikscamping.se\/de\/","logo":{"@type":"ImageObject","inLanguage":"de","@id":"https:\/\/saltvikscamping.se\/de\/#\/schema\/logo\/image\/","url":"https:\/\/saltvikscamping.se\/wp-content\/uploads\/2020\/05\/SALTVIKS_black.svg","contentUrl":"https:\/\/saltvikscamping.se\/wp-content\/uploads\/2020\/05\/SALTVIKS_black.svg","width":"1","height":"1","caption":"Saltviks Camping"},"image":{"@id":"https:\/\/saltvikscamping.se\/de\/#\/schema\/logo\/image\/"},"sameAs":["https:\/\/www.facebook.com\/Saltviks-Camping-143837085679368\/","https:\/\/www.instagram.com\/saltvikscamping\/"]}]}},"_links":{"self":[{"href":"https:\/\/saltvikscamping.se\/de\/wp-json\/wp\/v2\/pages\/5439","targetHints":{"allow":["GET"]}}],"collection":[{"href":"https:\/\/saltvikscamping.se\/de\/wp-json\/wp\/v2\/pages"}],"about":[{"href":"https:\/\/saltvikscamping.se\/de\/wp-json\/wp\/v2\/types\/page"}],"author":[{"embeddable":true,"href":"https:\/\/saltvikscamping.se\/de\/wp-json\/wp\/v2\/users\/5"}],"replies":[{"embeddable":true,"href":"https:\/\/saltvikscamping.se\/de\/wp-json\/wp\/v2\/comments?post=5439"}],"version-history":[{"count":2,"href":"https:\/\/saltvikscamping.se\/de\/wp-json\/wp\/v2\/pages\/5439\/revisions"}],"predecessor-version":[{"id":5470,"href":"https:\/\/saltvikscamping.se\/de\/wp-json\/wp\/v2\/pages\/5439\/revisions\/5470"}],"wp:featuredmedia":[{"embeddable":true,"href":"https:\/\/saltvikscamping.se\/de\/wp-json\/wp\/v2\/media\/3907"}],"wp:attachment":[{"href":"https:\/\/saltvikscamping.se\/de\/wp-json\/wp\/v2\/media?parent=5439"}],"curies":[{"name":"wp","href":"https:\/\/api.w.org\/{rel}","templated":true}]}}