{"id":5434,"date":"2024-06-05T18:22:15","date_gmt":"2024-06-05T16:22:15","guid":{"rendered":"https:\/\/saltvikscamping.se\/bistro-bar\/"},"modified":"2024-06-06T08:34:27","modified_gmt":"2024-06-06T06:34:27","slug":"bistro-bar","status":"publish","type":"page","link":"https:\/\/saltvikscamping.se\/de\/bistro-bar\/","title":{"rendered":"BISTRO BAR"},"content":{"rendered":"<div class=\"wpb-content-wrapper\">[vc_row row_height_percent=&#8220;40&#8243; back_color=&#8220;color-gradient&#8220; back_image=&#8220;3466&#8243; back_repeat=&#8220;no-repeat&#8220; back_position=&#8220;center center&#8220; parallax=&#8220;yes&#8220; overlay_alpha=&#8220;50&#8243; gutter_size=&#8220;3&#8243; column_width_percent=&#8220;100&#8243; shift_y=&#8220;0&#8243; z_index=&#8220;0&#8243; row_height_pixel=&#8220;190&#8243;][vc_column column_width_percent=&#8220;56&#8243; gutter_size=&#8220;3&#8243; overlay_alpha=&#8220;50&#8243; shift_x=&#8220;0&#8243; shift_y=&#8220;0&#8243; shift_y_down=&#8220;0&#8243; z_index=&#8220;0&#8243; medium_width=&#8220;0&#8243; mobile_width=&#8220;0&#8243; width=&#8220;1\/1&#8243;][vc_single_image media=&#8220;3478&#8243; media_width_percent=&#8220;100&#8243;][\/vc_column][\/vc_row][vc_row row_height_percent=&#8220;0&#8243; override_padding=&#8220;yes&#8220; h_padding=&#8220;2&#8243; top_padding=&#8220;5&#8243; bottom_padding=&#8220;5&#8243; overlay_alpha=&#8220;50&#8243; gutter_size=&#8220;3&#8243; column_width_percent=&#8220;100&#8243; shift_y=&#8220;0&#8243; z_index=&#8220;0&#8243;][vc_column column_width_percent=&#8220;70&#8243; align_horizontal=&#8220;align_center&#8220; gutter_size=&#8220;3&#8243; overlay_alpha=&#8220;50&#8243; shift_x=&#8220;0&#8243; shift_y=&#8220;0&#8243; shift_y_down=&#8220;0&#8243; z_index=&#8220;0&#8243; medium_width=&#8220;0&#8243; align_mobile=&#8220;align_center_mobile&#8220; mobile_width=&#8220;0&#8243; width=&#8220;1\/1&#8243;][vc_custom_heading text_color=&#8220;color-gradient&#8220; heading_semantic=&#8220;h1&#8243; el_class=&#8220;heading-margin&#8220; uncode_shortcode_id=&#8220;166727&#8243; text_color_type=&#8220;uncode-palette&#8220;]Herzlich willkommen im Bistro Tjurpannan![\/vc_custom_heading][vc_column_text css=&#8220;.vc_custom_1717604637276{margin-top: 16px !important;}&#8220; uncode_shortcode_id=&#8220;396862&#8243;]Ge\u00f6ffnet von M\u00e4rz bis Dezember<\/p>\n<p>&nbsp;<\/p>\n<p>Im Bistro Tjurpannan servieren wir Gerichte in einer wunderbaren Bistro-Atmosph\u00e4re. Wir bieten eine breite Palette von einfachen Snacks bis zu Men\u00fcs, die mit einem k\u00f6stlichen Dessert abgerundet werden. Genie\u00dfen Sie dazu ein erfrischendes Getr\u00e4nk! Probieren Sie einen unserer ber\u00fchmten Burger oder unsere fantastischen Pizzas. Was kann es nach einem hei\u00dfen Tag am Strand Besseres geben als ein k\u00f6stliches Abendessen oder ein k\u00fchles Bier? Auch f\u00fcr die kleinen Camper bieten wir selbstverst\u00e4ndlich eine gro\u00dfe Auswahl an Lieblingsspeisen. Alle Speisen k\u00f6nnen Sie auch in Ihr Zelt oder Ihren Wohnwagen mitnehmen!<\/p>\n<p>In der Hauptsaison gibt es bei uns auch Live-Musik.<\/p>\n<p>Herzlich willkommen!<\/p>\n<p>Eva und Bea und das Team[\/vc_column_text][\/vc_column][\/vc_row][vc_row unlock_row_content=&#8220;yes&#8220; row_height_percent=&#8220;0&#8243; override_padding=&#8220;yes&#8220; h_padding=&#8220;0&#8243; top_padding=&#8220;2&#8243; bottom_padding=&#8220;0&#8243; overlay_alpha=&#8220;50&#8243; equal_height=&#8220;yes&#8220; gutter_size=&#8220;0&#8243; column_width_percent=&#8220;100&#8243; shift_y=&#8220;0&#8243; z_index=&#8220;0&#8243; el_class=&#8220;inverted-device-order&#8220;][vc_column column_width_percent=&#8220;70&#8243; position_vertical=&#8220;middle&#8220; align_horizontal=&#8220;align_center&#8220; gutter_size=&#8220;3&#8243; override_padding=&#8220;yes&#8220; column_padding=&#8220;4&#8243; style=&#8220;dark&#8220; back_color=&#8220;color-gradient&#8220; overlay_alpha=&#8220;50&#8243; shift_x=&#8220;0&#8243; shift_y=&#8220;0&#8243; shift_y_down=&#8220;0&#8243; z_index=&#8220;0&#8243; medium_width=&#8220;0&#8243; mobile_width=&#8220;0&#8243; width=&#8220;1\/2&#8243;][vc_empty_space empty_h=&#8220;2&#8243;][vc_custom_heading text_color=&#8220;color-xsdn&#8220; el_class=&#8220;heading-margin&#8220; uncode_shortcode_id=&#8220;171659&#8243; text_color_type=&#8220;uncode-palette&#8220;]Speisekarte[\/vc_custom_heading][vc_column_text el_class=&#8220;white-text&#8220; css=&#8220;.vc_custom_1717604668619{margin-top: 16px !important;}&#8220; uncode_shortcode_id=&#8220;119336&#8243;]Unsere Speisekarte enth\u00e4lt gro\u00dfe und kleine Gerichte, auch zum Mitnehmen. Wenn Sie Allergien haben, finden wir selbstverst\u00e4ndlich eine Alternative f\u00fcr Sie.[\/vc_column_text][vc_empty_space empty_h=&#8220;2&#8243;][\/vc_column][vc_column column_width_percent=&#8220;70&#8243; position_vertical=&#8220;middle&#8220; align_horizontal=&#8220;align_center&#8220; gutter_size=&#8220;3&#8243; override_padding=&#8220;yes&#8220; column_padding=&#8220;4&#8243; style=&#8220;dark&#8220; back_image=&#8220;194&#8243; overlay_color=&#8220;color-jevc&#8220; overlay_alpha=&#8220;60&#8243; shift_x=&#8220;0&#8243; shift_y=&#8220;0&#8243; shift_y_down=&#8220;0&#8243; z_index=&#8220;0&#8243; medium_width=&#8220;0&#8243; mobile_width=&#8220;0&#8243; width=&#8220;1\/2&#8243; mobile_height=&#8220;340&#8243;][vc_empty_space empty_h=&#8220;2&#8243;][vc_empty_space empty_h=&#8220;2&#8243;][\/vc_column][\/vc_row][vc_row unlock_row_content=&#8220;yes&#8220; row_height_percent=&#8220;50&#8243; override_padding=&#8220;yes&#8220; h_padding=&#8220;0&#8243; top_padding=&#8220;0&#8243; bottom_padding=&#8220;0&#8243; back_color=&#8220;color-wayh&#8220; overlay_alpha=&#8220;100&#8243; equal_height=&#8220;yes&#8220; gutter_size=&#8220;0&#8243; shift_y=&#8220;0&#8243; style=&#8220;inherited&#8220;][vc_column column_width_percent=&#8220;100&#8243; position_horizontal=&#8220;left&#8220; gutter_size=&#8220;3&#8243; back_color=&#8220;color-gyho&#8220; back_image=&#8220;890&#8243; back_position=&#8220;center center&#8220; overlay_alpha=&#8220;100&#8243; shift_x=&#8220;0&#8243; shift_y=&#8220;0&#8243; shift_y_down=&#8220;0&#8243; z_index=&#8220;0&#8243; medium_width=&#8220;3&#8243; mobile_width=&#8220;0&#8243; zoom_height=&#8220;0&#8243; width=&#8220;1\/3&#8243; mobile_height=&#8220;260&#8243;][\/vc_column][vc_column column_width_percent=&#8220;100&#8243; position_vertical=&#8220;middle&#8220; align_horizontal=&#8220;align_center&#8220; gutter_size=&#8220;3&#8243; override_padding=&#8220;yes&#8220; column_padding=&#8220;4&#8243; back_color=&#8220;color-xsdn&#8220; overlay_alpha=&#8220;100&#8243; shift_x=&#8220;0&#8243; shift_y=&#8220;0&#8243; shift_y_down=&#8220;0&#8243; z_index=&#8220;0&#8243; medium_width=&#8220;3&#8243; mobile_width=&#8220;0&#8243; zoom_width=&#8220;0&#8243; zoom_height=&#8220;0&#8243; width=&#8220;1\/3&#8243;][vc_custom_heading text_color=&#8220;color-jevc&#8220; el_class=&#8220;heading-margin&#8220; uncode_shortcode_id=&#8220;896725&#8243; text_color_type=&#8220;uncode-palette&#8220;]Take-away[\/vc_custom_heading][vc_column_text css=&#8220;.vc_custom_1717604689686{margin-top: 16px !important;}&#8220; uncode_shortcode_id=&#8220;220119&#8243;]M\u00f6chten Sie Ihre Speisen lieber am Strand oder in Ihrem Wohnwagen genie\u00dfen? Alle unsere Gerichte k\u00f6nnen auch mitgenommen werden.[\/vc_column_text][vc_button button_color=&#8220;color-gradient&#8220; radius=&#8220;btn-round&#8220; hover_fx=&#8220;full-colored&#8220; border_width=&#8220;0&#8243; link=&#8220;url:tel%3A%2B4652521249|&#8220; el_class=&#8220;blue-text&#8220; button_color_type=&#8220;uncode-palette&#8220; uncode_shortcode_id=&#8220;163641&#8243;]RUFEN SIE UNS AN: 0525-212 49[\/vc_button][\/vc_column][vc_column column_width_percent=&#8220;100&#8243; position_horizontal=&#8220;left&#8220; gutter_size=&#8220;3&#8243; back_color=&#8220;color-gyho&#8220; back_image=&#8220;204&#8243; back_repeat=&#8220;no-repeat&#8220; back_position=&#8220;center center&#8220; overlay_alpha=&#8220;100&#8243; shift_x=&#8220;0&#8243; shift_y=&#8220;0&#8243; shift_y_down=&#8220;0&#8243; z_index=&#8220;0&#8243; medium_width=&#8220;3&#8243; mobile_width=&#8220;0&#8243; zoom_width=&#8220;0&#8243; zoom_height=&#8220;0&#8243; width=&#8220;1\/3&#8243; mobile_height=&#8220;260&#8243;][\/vc_column][\/vc_row]\n<\/div>","protected":false},"excerpt":{"rendered":"<p>[vc_row row_height_percent=&#8220;40&#8243; back_color=&#8220;color-gradient&#8220; back_image=&#8220;3466&#8243; back_repeat=&#8220;no-repeat&#8220; back_position=&#8220;center center&#8220; parallax=&#8220;yes&#8220; overlay_alpha=&#8220;50&#8243; gutter_size=&#8220;3&#8243; column_width_percent=&#8220;100&#8243; shift_y=&#8220;0&#8243; z_index=&#8220;0&#8243; row_height_pixel=&#8220;190&#8243;][vc_column column_width_percent=&#8220;56&#8243; gutter_size=&#8220;3&#8243; overlay_alpha=&#8220;50&#8243; shift_x=&#8220;0&#8243; shift_y=&#8220;0&#8243; shift_y_down=&#8220;0&#8243; [&hellip;]<\/p>\n","protected":false},"author":1,"featured_media":2780,"parent":0,"menu_order":0,"comment_status":"closed","ping_status":"closed","template":"","meta":{"_monsterinsights_skip_tracking":false,"_monsterinsights_sitenote_active":false,"_monsterinsights_sitenote_note":"","_monsterinsights_sitenote_category":0,"footnotes":""},"class_list":["post-5434","page","type-page","status-publish","has-post-thumbnail","hentry"],"yoast_head":"<!-- This site is optimized with the Yoast SEO plugin v26.8 - https:\/\/yoast.com\/product\/yoast-seo-wordpress\/ -->\n<title>BISTRO BAR - Saltviks Camping<\/title>\n<meta name=\"robots\" content=\"index, follow, max-snippet:-1, max-image-preview:large, max-video-preview:-1\" \/>\n<link rel=\"canonical\" href=\"https:\/\/saltvikscamping.se\/de\/bistro-bar\/\" \/>\n<meta property=\"og:locale\" content=\"de_DE\" \/>\n<meta property=\"og:type\" content=\"article\" \/>\n<meta property=\"og:title\" content=\"BISTRO BAR - Saltviks Camping\" \/>\n<meta property=\"og:description\" content=\"[vc_row row_height_percent=&#8220;40&#8243; back_color=&#8220;color-gradient&#8220; back_image=&#8220;3466&#8243; back_repeat=&#8220;no-repeat&#8220; back_position=&#8220;center center&#8220; parallax=&#8220;yes&#8220; overlay_alpha=&#8220;50&#8243; gutter_size=&#8220;3&#8243; column_width_percent=&#8220;100&#8243; shift_y=&#8220;0&#8243; z_index=&#8220;0&#8243; row_height_pixel=&#8220;190&#8243;][vc_column column_width_percent=&#8220;56&#8243; gutter_size=&#8220;3&#8243; overlay_alpha=&#8220;50&#8243; shift_x=&#8220;0&#8243; shift_y=&#8220;0&#8243; shift_y_down=&#8220;0&#8243; [&hellip;]\" \/>\n<meta property=\"og:url\" content=\"https:\/\/saltvikscamping.se\/de\/bistro-bar\/\" \/>\n<meta property=\"og:site_name\" content=\"Saltviks Camping\" \/>\n<meta property=\"article:publisher\" content=\"https:\/\/www.facebook.com\/Saltviks-Camping-143837085679368\/\" \/>\n<meta property=\"article:modified_time\" content=\"2024-06-06T06:34:27+00:00\" \/>\n<meta property=\"og:image\" content=\"http:\/\/saltvikscamping.se\/wp-content\/uploads\/2022\/09\/30A8BEFD-505B-4F75-A40D-582EA2B5F9F2.jpg\" \/>\n\t<meta property=\"og:image:width\" content=\"1536\" \/>\n\t<meta property=\"og:image:height\" content=\"2088\" \/>\n\t<meta property=\"og:image:type\" content=\"image\/jpeg\" \/>\n<meta name=\"twitter:card\" content=\"summary_large_image\" \/>\n<meta name=\"twitter:label1\" content=\"Gesch\u00e4tzte Lesezeit\" \/>\n\t<meta name=\"twitter:data1\" content=\"2\u00a0Minuten\" \/>\n<script type=\"application\/ld+json\" class=\"yoast-schema-graph\">{\"@context\":\"https:\/\/schema.org\",\"@graph\":[{\"@type\":\"WebPage\",\"@id\":\"https:\/\/saltvikscamping.se\/de\/bistro-bar\/\",\"url\":\"https:\/\/saltvikscamping.se\/de\/bistro-bar\/\",\"name\":\"BISTRO BAR - Saltviks Camping\",\"isPartOf\":{\"@id\":\"https:\/\/saltvikscamping.se\/de\/#website\"},\"primaryImageOfPage\":{\"@id\":\"https:\/\/saltvikscamping.se\/de\/bistro-bar\/#primaryimage\"},\"image\":{\"@id\":\"https:\/\/saltvikscamping.se\/de\/bistro-bar\/#primaryimage\"},\"thumbnailUrl\":\"https:\/\/saltvikscamping.se\/wp-content\/uploads\/2022\/09\/30A8BEFD-505B-4F75-A40D-582EA2B5F9F2.jpg\",\"datePublished\":\"2024-06-05T16:22:15+00:00\",\"dateModified\":\"2024-06-06T06:34:27+00:00\",\"breadcrumb\":{\"@id\":\"https:\/\/saltvikscamping.se\/de\/bistro-bar\/#breadcrumb\"},\"inLanguage\":\"de\",\"potentialAction\":[{\"@type\":\"ReadAction\",\"target\":[\"https:\/\/saltvikscamping.se\/de\/bistro-bar\/\"]}]},{\"@type\":\"ImageObject\",\"inLanguage\":\"de\",\"@id\":\"https:\/\/saltvikscamping.se\/de\/bistro-bar\/#primaryimage\",\"url\":\"https:\/\/saltvikscamping.se\/wp-content\/uploads\/2022\/09\/30A8BEFD-505B-4F75-A40D-582EA2B5F9F2.jpg\",\"contentUrl\":\"https:\/\/saltvikscamping.se\/wp-content\/uploads\/2022\/09\/30A8BEFD-505B-4F75-A40D-582EA2B5F9F2.jpg\",\"width\":1536,\"height\":2088},{\"@type\":\"BreadcrumbList\",\"@id\":\"https:\/\/saltvikscamping.se\/de\/bistro-bar\/#breadcrumb\",\"itemListElement\":[{\"@type\":\"ListItem\",\"position\":1,\"name\":\"Hem\",\"item\":\"https:\/\/saltvikscamping.se\/de\/\"},{\"@type\":\"ListItem\",\"position\":2,\"name\":\"BISTRO BAR\"}]},{\"@type\":\"WebSite\",\"@id\":\"https:\/\/saltvikscamping.se\/de\/#website\",\"url\":\"https:\/\/saltvikscamping.se\/de\/\",\"name\":\"Saltviks Camping\",\"description\":\"Camping och stugor - Grebbestad, Bohusl\u00e4n\",\"publisher\":{\"@id\":\"https:\/\/saltvikscamping.se\/de\/#organization\"},\"potentialAction\":[{\"@type\":\"SearchAction\",\"target\":{\"@type\":\"EntryPoint\",\"urlTemplate\":\"https:\/\/saltvikscamping.se\/de\/?s={search_term_string}\"},\"query-input\":{\"@type\":\"PropertyValueSpecification\",\"valueRequired\":true,\"valueName\":\"search_term_string\"}}],\"inLanguage\":\"de\"},{\"@type\":\"Organization\",\"@id\":\"https:\/\/saltvikscamping.se\/de\/#organization\",\"name\":\"Saltviks Camping\",\"url\":\"https:\/\/saltvikscamping.se\/de\/\",\"logo\":{\"@type\":\"ImageObject\",\"inLanguage\":\"de\",\"@id\":\"https:\/\/saltvikscamping.se\/de\/#\/schema\/logo\/image\/\",\"url\":\"https:\/\/saltvikscamping.se\/wp-content\/uploads\/2020\/05\/SALTVIKS_black.svg\",\"contentUrl\":\"https:\/\/saltvikscamping.se\/wp-content\/uploads\/2020\/05\/SALTVIKS_black.svg\",\"width\":\"1\",\"height\":\"1\",\"caption\":\"Saltviks Camping\"},\"image\":{\"@id\":\"https:\/\/saltvikscamping.se\/de\/#\/schema\/logo\/image\/\"},\"sameAs\":[\"https:\/\/www.facebook.com\/Saltviks-Camping-143837085679368\/\",\"https:\/\/www.instagram.com\/saltvikscamping\/\"]}]}<\/script>\n<!-- \/ Yoast SEO plugin. -->","yoast_head_json":{"title":"BISTRO BAR - Saltviks Camping","robots":{"index":"index","follow":"follow","max-snippet":"max-snippet:-1","max-image-preview":"max-image-preview:large","max-video-preview":"max-video-preview:-1"},"canonical":"https:\/\/saltvikscamping.se\/de\/bistro-bar\/","og_locale":"de_DE","og_type":"article","og_title":"BISTRO BAR - Saltviks Camping","og_description":"[vc_row row_height_percent=&#8220;40&#8243; back_color=&#8220;color-gradient&#8220; back_image=&#8220;3466&#8243; back_repeat=&#8220;no-repeat&#8220; back_position=&#8220;center center&#8220; parallax=&#8220;yes&#8220; overlay_alpha=&#8220;50&#8243; gutter_size=&#8220;3&#8243; column_width_percent=&#8220;100&#8243; shift_y=&#8220;0&#8243; z_index=&#8220;0&#8243; row_height_pixel=&#8220;190&#8243;][vc_column column_width_percent=&#8220;56&#8243; gutter_size=&#8220;3&#8243; overlay_alpha=&#8220;50&#8243; shift_x=&#8220;0&#8243; shift_y=&#8220;0&#8243; shift_y_down=&#8220;0&#8243; [&hellip;]","og_url":"https:\/\/saltvikscamping.se\/de\/bistro-bar\/","og_site_name":"Saltviks Camping","article_publisher":"https:\/\/www.facebook.com\/Saltviks-Camping-143837085679368\/","article_modified_time":"2024-06-06T06:34:27+00:00","og_image":[{"width":1536,"height":2088,"url":"http:\/\/saltvikscamping.se\/wp-content\/uploads\/2022\/09\/30A8BEFD-505B-4F75-A40D-582EA2B5F9F2.jpg","type":"image\/jpeg"}],"twitter_card":"summary_large_image","twitter_misc":{"Gesch\u00e4tzte Lesezeit":"2\u00a0Minuten"},"schema":{"@context":"https:\/\/schema.org","@graph":[{"@type":"WebPage","@id":"https:\/\/saltvikscamping.se\/de\/bistro-bar\/","url":"https:\/\/saltvikscamping.se\/de\/bistro-bar\/","name":"BISTRO BAR - Saltviks Camping","isPartOf":{"@id":"https:\/\/saltvikscamping.se\/de\/#website"},"primaryImageOfPage":{"@id":"https:\/\/saltvikscamping.se\/de\/bistro-bar\/#primaryimage"},"image":{"@id":"https:\/\/saltvikscamping.se\/de\/bistro-bar\/#primaryimage"},"thumbnailUrl":"https:\/\/saltvikscamping.se\/wp-content\/uploads\/2022\/09\/30A8BEFD-505B-4F75-A40D-582EA2B5F9F2.jpg","datePublished":"2024-06-05T16:22:15+00:00","dateModified":"2024-06-06T06:34:27+00:00","breadcrumb":{"@id":"https:\/\/saltvikscamping.se\/de\/bistro-bar\/#breadcrumb"},"inLanguage":"de","potentialAction":[{"@type":"ReadAction","target":["https:\/\/saltvikscamping.se\/de\/bistro-bar\/"]}]},{"@type":"ImageObject","inLanguage":"de","@id":"https:\/\/saltvikscamping.se\/de\/bistro-bar\/#primaryimage","url":"https:\/\/saltvikscamping.se\/wp-content\/uploads\/2022\/09\/30A8BEFD-505B-4F75-A40D-582EA2B5F9F2.jpg","contentUrl":"https:\/\/saltvikscamping.se\/wp-content\/uploads\/2022\/09\/30A8BEFD-505B-4F75-A40D-582EA2B5F9F2.jpg","width":1536,"height":2088},{"@type":"BreadcrumbList","@id":"https:\/\/saltvikscamping.se\/de\/bistro-bar\/#breadcrumb","itemListElement":[{"@type":"ListItem","position":1,"name":"Hem","item":"https:\/\/saltvikscamping.se\/de\/"},{"@type":"ListItem","position":2,"name":"BISTRO BAR"}]},{"@type":"WebSite","@id":"https:\/\/saltvikscamping.se\/de\/#website","url":"https:\/\/saltvikscamping.se\/de\/","name":"Saltviks Camping","description":"Camping och stugor - Grebbestad, Bohusl\u00e4n","publisher":{"@id":"https:\/\/saltvikscamping.se\/de\/#organization"},"potentialAction":[{"@type":"SearchAction","target":{"@type":"EntryPoint","urlTemplate":"https:\/\/saltvikscamping.se\/de\/?s={search_term_string}"},"query-input":{"@type":"PropertyValueSpecification","valueRequired":true,"valueName":"search_term_string"}}],"inLanguage":"de"},{"@type":"Organization","@id":"https:\/\/saltvikscamping.se\/de\/#organization","name":"Saltviks Camping","url":"https:\/\/saltvikscamping.se\/de\/","logo":{"@type":"ImageObject","inLanguage":"de","@id":"https:\/\/saltvikscamping.se\/de\/#\/schema\/logo\/image\/","url":"https:\/\/saltvikscamping.se\/wp-content\/uploads\/2020\/05\/SALTVIKS_black.svg","contentUrl":"https:\/\/saltvikscamping.se\/wp-content\/uploads\/2020\/05\/SALTVIKS_black.svg","width":"1","height":"1","caption":"Saltviks Camping"},"image":{"@id":"https:\/\/saltvikscamping.se\/de\/#\/schema\/logo\/image\/"},"sameAs":["https:\/\/www.facebook.com\/Saltviks-Camping-143837085679368\/","https:\/\/www.instagram.com\/saltvikscamping\/"]}]}},"_links":{"self":[{"href":"https:\/\/saltvikscamping.se\/de\/wp-json\/wp\/v2\/pages\/5434","targetHints":{"allow":["GET"]}}],"collection":[{"href":"https:\/\/saltvikscamping.se\/de\/wp-json\/wp\/v2\/pages"}],"about":[{"href":"https:\/\/saltvikscamping.se\/de\/wp-json\/wp\/v2\/types\/page"}],"author":[{"embeddable":true,"href":"https:\/\/saltvikscamping.se\/de\/wp-json\/wp\/v2\/users\/1"}],"replies":[{"embeddable":true,"href":"https:\/\/saltvikscamping.se\/de\/wp-json\/wp\/v2\/comments?post=5434"}],"version-history":[{"count":5,"href":"https:\/\/saltvikscamping.se\/de\/wp-json\/wp\/v2\/pages\/5434\/revisions"}],"predecessor-version":[{"id":5515,"href":"https:\/\/saltvikscamping.se\/de\/wp-json\/wp\/v2\/pages\/5434\/revisions\/5515"}],"wp:featuredmedia":[{"embeddable":true,"href":"https:\/\/saltvikscamping.se\/de\/wp-json\/wp\/v2\/media\/2780"}],"wp:attachment":[{"href":"https:\/\/saltvikscamping.se\/de\/wp-json\/wp\/v2\/media?parent=5434"}],"curies":[{"name":"wp","href":"https:\/\/api.w.org\/{rel}","templated":true}]}}