{"id":5428,"date":"2024-06-05T18:18:51","date_gmt":"2024-06-05T16:18:51","guid":{"rendered":"https:\/\/saltvikscamping.se\/covid-19\/"},"modified":"2024-06-05T18:19:57","modified_gmt":"2024-06-05T16:19:57","slug":"covid-19","status":"publish","type":"page","link":"https:\/\/saltvikscamping.se\/de\/covid-19\/","title":{"rendered":"Covid-19"},"content":{"rendered":"<div class=\"wpb-content-wrapper\">[vc_row row_height_percent=&#8220;0&#8243; override_padding=&#8220;yes&#8220; h_padding=&#8220;2&#8243; top_padding=&#8220;5&#8243; bottom_padding=&#8220;5&#8243; overlay_alpha=&#8220;50&#8243; gutter_size=&#8220;4&#8243; column_width_percent=&#8220;100&#8243; shift_y=&#8220;0&#8243; z_index=&#8220;0&#8243;][vc_column column_width_percent=&#8220;100&#8243; gutter_size=&#8220;2&#8243; overlay_alpha=&#8220;50&#8243; shift_x=&#8220;0&#8243; shift_y=&#8220;0&#8243; shift_y_down=&#8220;0&#8243; z_index=&#8220;0&#8243; medium_width=&#8220;0&#8243; mobile_width=&#8220;0&#8243; width=&#8220;1\/1&#8243;][vc_row_inner][vc_column_inner column_width_percent=&#8220;100&#8243; gutter_size=&#8220;2&#8243; overlay_alpha=&#8220;50&#8243; shift_x=&#8220;0&#8243; shift_y=&#8220;0&#8243; shift_y_down=&#8220;0&#8243; z_index=&#8220;0&#8243; medium_width=&#8220;0&#8243; mobile_width=&#8220;0&#8243; width=&#8220;2\/6&#8243;][vc_custom_heading heading_semantic=&#8220;h1&#8243; text_size=&#8220;h1&#8243; text_color=&#8220;color-gradient&#8220;]Die Ma\u00dfnahmen in Saltvik gegen das Coronavirus[\/vc_custom_heading][\/vc_column_inner][vc_column_inner column_width_percent=&#8220;100&#8243; gutter_size=&#8220;3&#8243; overlay_alpha=&#8220;50&#8243; shift_x=&#8220;0&#8243; shift_y=&#8220;0&#8243; shift_y_down=&#8220;0&#8243; z_index=&#8220;0&#8243; medium_width=&#8220;0&#8243; mobile_width=&#8220;0&#8243; width=&#8220;4\/6&#8243;][vc_column_text]Liebe G\u00e4ste, die meisten unserer Besucher in Saltvik reisen mit einem Wohnwagen oder Wohnmobil an oder mieten bei uns ein Ferienhaus. Wir sind der \u00dcberzeugung, dass unsere Besucher, die ihre eigene Unterkunft mitbringen, ihre unmittelbare Umgebung voll und ganz kontrollieren und sich daher in Saltvik genauso sicher f\u00fchlen k\u00f6nnen wie zu Hause. Die Mieter unserer Ferienh\u00e4user haben ihren vollst\u00e4ndig abgetrennten Bereich mit einer Terrasse und viel Freiraum. Das Campingleben spielt sich ohnehin weitgehend im Freien ab, was automatisch sehr viel Sicherheit ergibt. An der frischen Luft f\u00fchlen sich immer alle wohl. Doch um das Infektionsrisiko zu verringern und um sicherzustellen, dass alle einen angenehmen und sicheren Aufenthalt in Saltvik genie\u00dfen, haben wir die folgenden Ma\u00dfnahmen ergriffen.<\/p>\n<h3><strong>Gemeinschaftsgeb\u00e4ude und Sanit\u00e4rgeb\u00e4ude<\/strong><\/h3>\n<ul>\n<li>Wir haben unsere Reinigungsabl\u00e4ufe wesentlich intensiviert und verbessert.<\/li>\n<li>In den Sanit\u00e4rgeb\u00e4uden gibt es einen Beh\u00e4lter f\u00fcr Desinfektion.<\/li>\n<li>Zus\u00e4tzlich zur normalen Reinigung desinfizieren wir alle Fl\u00e4chen bei jeder Reinigung.<\/li>\n<li>Wir desinfizieren Griffe, T\u00fcrknaufe, Sp\u00fclkn\u00f6pfe und Schalter usw. \u2013 alles, was Sie ber\u00fchren oder anfassen.<\/li>\n<li>In unseren Sanit\u00e4rgeb\u00e4uden steht ausreichend Seife bereit, damit Sie sich h\u00e4ufig die H\u00e4nde waschen k\u00f6nnen.<\/li>\n<\/ul>\n<h3><strong>Ferienh\u00e4user und Zimmer<\/strong><\/h3>\n<ul>\n<li>Wir haben neue Reinigungsverfahren eingef\u00fchrt, die wir bei jedem Besucherwechsel einsetzen.<\/li>\n<li>Wir desinfizieren Griffe, T\u00fcrknaufe, Sp\u00fclkn\u00f6pfe und Schalter usw. \u2013 alles, was Sie ber\u00fchren oder anfassen.<\/li>\n<li>Die Toilette wird desinfiziert und klinisch gereinigt.<\/li>\n<li>In unseren Ferienh\u00e4usern steht ausreichend Seife bereit, damit Sie sich h\u00e4ufig die H\u00e4nde waschen k\u00f6nnen.<\/li>\n<\/ul>\n<h3><strong>H\u00e4ufig gestellte Fragen und Antworten zum Coronavirus<\/strong><\/h3>\n<p><strong>Frage: Haben Sie diesen Sommer ge\u00f6ffnet?\u00a0<\/strong>Antwort: Ja, wir haben ganz normal ge\u00f6ffnet.\u00a0<strong>Frage: Unterliegen Sie der Regelung \u201eH\u00f6chstens 50 Personen\u201c?\u00a0<\/strong>Antwort: Nein, wir unterliegen nicht der Regelung \u201eH\u00f6chstens 50 Personen\u201c in Bezug auf die Anzahl der Personen, die sich in unseren Ferienh\u00e4usern oder auf unserem Campingplatz aufhalten d\u00fcrfen. Allerdings m\u00fcssen wir zu gro\u00dfen Andrang vermeiden und unsere Besucher auffordern, sich ihre H\u00e4nde zu waschen, Abstand zu halten und zu Hause zu bleiben, wenn sie erkranken. Wir d\u00fcrfen auch keine Veranstaltungen f\u00fcr \u00fcber 50 Personen durchf\u00fchren.\u00a0<strong>Frage: Bekomme ich mein Geld zur\u00fcck, wenn Sie aufgrund von Corona nicht \u00f6ffnen k\u00f6nnen?\u00a0<\/strong>Antwort: Wir gehen davon aus, dass wir die gesamte Saison hindurch \u00f6ffnen werden und unsere normalen Regelungen f\u00fcr Buchungen, Stornierungen und R\u00fcckerstattungen gelten (siehe unten*). Wenn wir gezwungen sein sollten, zu schlie\u00dfen, gelten die Regelungen f\u00fcr Umbuchungen und R\u00fcckzahlungen, die in diesem Fall f\u00fcr unsere Branche von der schwedischen Verbraucherschutzbeh\u00f6rde und der Allgemeinen Beschwerdestelle empfohlen werden.\u00a0 \u00a0<strong>Frage: Was passiert, wenn jemand von uns an Corona erkrankt und deshalb nicht mitkommen kann? Bekommen wir unser Geld zur\u00fcck?\u00a0<\/strong>Antwort: Wir empfehlen, dass Sie sich an Ihr Versicherungsunternehmen wenden und dort nachfragen, welche Reiseversicherung im Krankheitsfall eintritt. Die meisten Menschen haben einen guten Reiseschutz durch ihre heimische Versicherung, doch empfiehlt es sich nachzufragen, ob dies f\u00fcr Covid-19 gilt. Andernfalls empfehlen wir Ihnen, bei der Buchung unseren Stornierungsschutz abzuschlie\u00dfen. Mit ihm k\u00f6nnen Sie Ihren Aufenthalt bis um 10 Uhr am Ankunftstag ohne Angabe von Gr\u00fcnden stornieren. Wir zahlen Ihnen dann den Gesamtbetrag mit Ausnahme der Kosten f\u00fcr den Stornierungsschutz zur\u00fcck.<strong>\u00a0Frage: Was passiert, wenn es nach der endg\u00fcltigen Zahlung noch zu gr\u00f6\u00dferen Einschr\u00e4nkungen kommt?\u00a0<\/strong>Antwort: Es gelten unsere normalen Buchungsbestimmungen (siehe unten*). Diese Bestimmungen gelten ungeachtet dessen, ob die endg\u00fcltige Zahlung get\u00e4tigt wurde oder nicht.\u00a0<strong>Frage: K\u00f6nnen wir unsere Buchung auf einen sp\u00e4teren Zeitpunkt in der Saison verschieben? Oder sollen wir einfach stornieren? Alles ist bereits bezahlt worden.<\/strong>\u00a0Antwort: Sie k\u00f6nnen die Buchung \u00e4ndern, wenn Sie m\u00f6gen, und sie auf ein neues Datum in diesem oder dem n\u00e4chsten Jahr verschieben. F\u00fcr diese \u00c4nderungen erheben wir keine zus\u00e4tzliche Geb\u00fchr. Wenn Sie ein Datum in der Hochsaison w\u00e4hlen, kann die Buchung aber teurer sein. Dann m\u00fcssen Sie die Differenz bezahlen. Die von Ihnen get\u00e4tigte Zahlung gilt dann f\u00fcr das neue Datum. Wenn Sie lieber stornieren m\u00f6chten, gelten unsere \u00fcblichen Regelungen f\u00fcr Stornierungen und R\u00fcckerstattungen (siehe unten*).\u00a0<strong>*Unsere \u00fcblichen Regelungen f\u00fcr Buchungen, Stornierungen und R\u00fcckerstattungen sind:\u00a0<\/strong>Alle Zahlungen m\u00fcssen im Voraus geleistet werden. Nach der ersten Zahlung ist die Buchung bindend. Wenn Sie Ihre Buchung bis sp\u00e4testens zwei Wochen vor der Ankunft stornieren, wird der Gesamtbetrag abz\u00fcglich einer Stornierungsgeb\u00fchr von 500 SEK r\u00fcckerstattet. Wenn Sie sp\u00e4ter als zwei Wochen vor der Ankunft stornieren, ist keine R\u00fcckerstattung m\u00f6glich. Bei Abschluss eines Stornierungsschutzes, der 10 % des Preises f\u00fcr die Unterkunft kostet, k\u00f6nnen Sie Ihren Aufenthalt bis um 10 Uhr am Ankunftstag bei voller R\u00fcckerstattung (abz\u00fcglich der Kosten f\u00fcr den Stornierungsschutz) stornieren. Die Umbuchung auf ein neues Datum in diesem und dem n\u00e4chsten Jahr ist kostenlos. F\u00fcr die \u00c4nderung erheben wir keine zus\u00e4tzliche Geb\u00fchr. Wenn Sie ein Datum in der Hochsaison w\u00e4hlen, kann die Buchung aber teurer sein. Dann m\u00fcssen Sie die Differenz bezahlen. Die von Ihnen get\u00e4tigte Zahlung gilt dann f\u00fcr das neue Datum.[\/vc_column_text][\/vc_column_inner][\/vc_row_inner][vc_empty_space empty_h=&#8220;0&#8243;][\/vc_column][\/vc_row]\n<\/div>","protected":false},"excerpt":{"rendered":"<p>[vc_row row_height_percent=&#8220;0&#8243; override_padding=&#8220;yes&#8220; h_padding=&#8220;2&#8243; top_padding=&#8220;5&#8243; bottom_padding=&#8220;5&#8243; overlay_alpha=&#8220;50&#8243; gutter_size=&#8220;4&#8243; column_width_percent=&#8220;100&#8243; shift_y=&#8220;0&#8243; z_index=&#8220;0&#8243;][vc_column column_width_percent=&#8220;100&#8243; gutter_size=&#8220;2&#8243; overlay_alpha=&#8220;50&#8243; shift_x=&#8220;0&#8243; shift_y=&#8220;0&#8243; shift_y_down=&#8220;0&#8243; z_index=&#8220;0&#8243; medium_width=&#8220;0&#8243; mobile_width=&#8220;0&#8243; [&hellip;]<\/p>\n","protected":false},"author":1,"featured_media":121,"parent":0,"menu_order":0,"comment_status":"closed","ping_status":"closed","template":"","meta":{"_monsterinsights_skip_tracking":false,"_monsterinsights_sitenote_active":false,"_monsterinsights_sitenote_note":"","_monsterinsights_sitenote_category":0,"footnotes":""},"class_list":["post-5428","page","type-page","status-publish","has-post-thumbnail","hentry"],"yoast_head":"<!-- This site is optimized with the Yoast SEO plugin v26.8 - https:\/\/yoast.com\/product\/yoast-seo-wordpress\/ -->\n<title>Covid-19 - Saltviks Camping<\/title>\n<meta name=\"robots\" content=\"index, follow, max-snippet:-1, max-image-preview:large, max-video-preview:-1\" \/>\n<link rel=\"canonical\" href=\"https:\/\/saltvikscamping.se\/de\/covid-19\/\" \/>\n<meta property=\"og:locale\" content=\"de_DE\" \/>\n<meta property=\"og:type\" content=\"article\" \/>\n<meta property=\"og:title\" content=\"Covid-19 - Saltviks Camping\" \/>\n<meta property=\"og:description\" content=\"[vc_row row_height_percent=&#8220;0&#8243; override_padding=&#8220;yes&#8220; h_padding=&#8220;2&#8243; top_padding=&#8220;5&#8243; bottom_padding=&#8220;5&#8243; overlay_alpha=&#8220;50&#8243; gutter_size=&#8220;4&#8243; column_width_percent=&#8220;100&#8243; shift_y=&#8220;0&#8243; z_index=&#8220;0&#8243;][vc_column column_width_percent=&#8220;100&#8243; gutter_size=&#8220;2&#8243; overlay_alpha=&#8220;50&#8243; shift_x=&#8220;0&#8243; shift_y=&#8220;0&#8243; shift_y_down=&#8220;0&#8243; z_index=&#8220;0&#8243; medium_width=&#8220;0&#8243; mobile_width=&#8220;0&#8243; [&hellip;]\" \/>\n<meta property=\"og:url\" content=\"https:\/\/saltvikscamping.se\/de\/covid-19\/\" \/>\n<meta property=\"og:site_name\" content=\"Saltviks Camping\" \/>\n<meta property=\"article:publisher\" content=\"https:\/\/www.facebook.com\/Saltviks-Camping-143837085679368\/\" \/>\n<meta property=\"article:modified_time\" content=\"2024-06-05T16:19:57+00:00\" \/>\n<meta property=\"og:image\" content=\"http:\/\/saltvikscamping.se\/wp-content\/uploads\/2020\/05\/SUP.jpg\" \/>\n\t<meta property=\"og:image:width\" content=\"1920\" \/>\n\t<meta property=\"og:image:height\" content=\"1440\" \/>\n\t<meta property=\"og:image:type\" content=\"image\/jpeg\" \/>\n<meta name=\"twitter:card\" content=\"summary_large_image\" \/>\n<meta name=\"twitter:label1\" content=\"Gesch\u00e4tzte Lesezeit\" \/>\n\t<meta name=\"twitter:data1\" content=\"5\u00a0Minuten\" \/>\n<script type=\"application\/ld+json\" class=\"yoast-schema-graph\">{\"@context\":\"https:\/\/schema.org\",\"@graph\":[{\"@type\":\"WebPage\",\"@id\":\"https:\/\/saltvikscamping.se\/de\/covid-19\/\",\"url\":\"https:\/\/saltvikscamping.se\/de\/covid-19\/\",\"name\":\"Covid-19 - Saltviks Camping\",\"isPartOf\":{\"@id\":\"https:\/\/saltvikscamping.se\/de\/#website\"},\"primaryImageOfPage\":{\"@id\":\"https:\/\/saltvikscamping.se\/de\/covid-19\/#primaryimage\"},\"image\":{\"@id\":\"https:\/\/saltvikscamping.se\/de\/covid-19\/#primaryimage\"},\"thumbnailUrl\":\"https:\/\/saltvikscamping.se\/wp-content\/uploads\/2020\/05\/SUP.jpg\",\"datePublished\":\"2024-06-05T16:18:51+00:00\",\"dateModified\":\"2024-06-05T16:19:57+00:00\",\"breadcrumb\":{\"@id\":\"https:\/\/saltvikscamping.se\/de\/covid-19\/#breadcrumb\"},\"inLanguage\":\"de\",\"potentialAction\":[{\"@type\":\"ReadAction\",\"target\":[\"https:\/\/saltvikscamping.se\/de\/covid-19\/\"]}]},{\"@type\":\"ImageObject\",\"inLanguage\":\"de\",\"@id\":\"https:\/\/saltvikscamping.se\/de\/covid-19\/#primaryimage\",\"url\":\"https:\/\/saltvikscamping.se\/wp-content\/uploads\/2020\/05\/SUP.jpg\",\"contentUrl\":\"https:\/\/saltvikscamping.se\/wp-content\/uploads\/2020\/05\/SUP.jpg\",\"width\":1920,\"height\":1440},{\"@type\":\"BreadcrumbList\",\"@id\":\"https:\/\/saltvikscamping.se\/de\/covid-19\/#breadcrumb\",\"itemListElement\":[{\"@type\":\"ListItem\",\"position\":1,\"name\":\"Hem\",\"item\":\"https:\/\/saltvikscamping.se\/de\/\"},{\"@type\":\"ListItem\",\"position\":2,\"name\":\"Covid-19\"}]},{\"@type\":\"WebSite\",\"@id\":\"https:\/\/saltvikscamping.se\/de\/#website\",\"url\":\"https:\/\/saltvikscamping.se\/de\/\",\"name\":\"Saltviks Camping\",\"description\":\"Camping och stugor - Grebbestad, Bohusl\u00e4n\",\"publisher\":{\"@id\":\"https:\/\/saltvikscamping.se\/de\/#organization\"},\"potentialAction\":[{\"@type\":\"SearchAction\",\"target\":{\"@type\":\"EntryPoint\",\"urlTemplate\":\"https:\/\/saltvikscamping.se\/de\/?s={search_term_string}\"},\"query-input\":{\"@type\":\"PropertyValueSpecification\",\"valueRequired\":true,\"valueName\":\"search_term_string\"}}],\"inLanguage\":\"de\"},{\"@type\":\"Organization\",\"@id\":\"https:\/\/saltvikscamping.se\/de\/#organization\",\"name\":\"Saltviks Camping\",\"url\":\"https:\/\/saltvikscamping.se\/de\/\",\"logo\":{\"@type\":\"ImageObject\",\"inLanguage\":\"de\",\"@id\":\"https:\/\/saltvikscamping.se\/de\/#\/schema\/logo\/image\/\",\"url\":\"https:\/\/saltvikscamping.se\/wp-content\/uploads\/2020\/05\/SALTVIKS_black.svg\",\"contentUrl\":\"https:\/\/saltvikscamping.se\/wp-content\/uploads\/2020\/05\/SALTVIKS_black.svg\",\"width\":\"1\",\"height\":\"1\",\"caption\":\"Saltviks Camping\"},\"image\":{\"@id\":\"https:\/\/saltvikscamping.se\/de\/#\/schema\/logo\/image\/\"},\"sameAs\":[\"https:\/\/www.facebook.com\/Saltviks-Camping-143837085679368\/\",\"https:\/\/www.instagram.com\/saltvikscamping\/\"]}]}<\/script>\n<!-- \/ Yoast SEO plugin. -->","yoast_head_json":{"title":"Covid-19 - Saltviks Camping","robots":{"index":"index","follow":"follow","max-snippet":"max-snippet:-1","max-image-preview":"max-image-preview:large","max-video-preview":"max-video-preview:-1"},"canonical":"https:\/\/saltvikscamping.se\/de\/covid-19\/","og_locale":"de_DE","og_type":"article","og_title":"Covid-19 - Saltviks Camping","og_description":"[vc_row row_height_percent=&#8220;0&#8243; override_padding=&#8220;yes&#8220; h_padding=&#8220;2&#8243; top_padding=&#8220;5&#8243; bottom_padding=&#8220;5&#8243; overlay_alpha=&#8220;50&#8243; gutter_size=&#8220;4&#8243; column_width_percent=&#8220;100&#8243; shift_y=&#8220;0&#8243; z_index=&#8220;0&#8243;][vc_column column_width_percent=&#8220;100&#8243; gutter_size=&#8220;2&#8243; overlay_alpha=&#8220;50&#8243; shift_x=&#8220;0&#8243; shift_y=&#8220;0&#8243; shift_y_down=&#8220;0&#8243; z_index=&#8220;0&#8243; medium_width=&#8220;0&#8243; mobile_width=&#8220;0&#8243; [&hellip;]","og_url":"https:\/\/saltvikscamping.se\/de\/covid-19\/","og_site_name":"Saltviks Camping","article_publisher":"https:\/\/www.facebook.com\/Saltviks-Camping-143837085679368\/","article_modified_time":"2024-06-05T16:19:57+00:00","og_image":[{"width":1920,"height":1440,"url":"http:\/\/saltvikscamping.se\/wp-content\/uploads\/2020\/05\/SUP.jpg","type":"image\/jpeg"}],"twitter_card":"summary_large_image","twitter_misc":{"Gesch\u00e4tzte Lesezeit":"5\u00a0Minuten"},"schema":{"@context":"https:\/\/schema.org","@graph":[{"@type":"WebPage","@id":"https:\/\/saltvikscamping.se\/de\/covid-19\/","url":"https:\/\/saltvikscamping.se\/de\/covid-19\/","name":"Covid-19 - Saltviks Camping","isPartOf":{"@id":"https:\/\/saltvikscamping.se\/de\/#website"},"primaryImageOfPage":{"@id":"https:\/\/saltvikscamping.se\/de\/covid-19\/#primaryimage"},"image":{"@id":"https:\/\/saltvikscamping.se\/de\/covid-19\/#primaryimage"},"thumbnailUrl":"https:\/\/saltvikscamping.se\/wp-content\/uploads\/2020\/05\/SUP.jpg","datePublished":"2024-06-05T16:18:51+00:00","dateModified":"2024-06-05T16:19:57+00:00","breadcrumb":{"@id":"https:\/\/saltvikscamping.se\/de\/covid-19\/#breadcrumb"},"inLanguage":"de","potentialAction":[{"@type":"ReadAction","target":["https:\/\/saltvikscamping.se\/de\/covid-19\/"]}]},{"@type":"ImageObject","inLanguage":"de","@id":"https:\/\/saltvikscamping.se\/de\/covid-19\/#primaryimage","url":"https:\/\/saltvikscamping.se\/wp-content\/uploads\/2020\/05\/SUP.jpg","contentUrl":"https:\/\/saltvikscamping.se\/wp-content\/uploads\/2020\/05\/SUP.jpg","width":1920,"height":1440},{"@type":"BreadcrumbList","@id":"https:\/\/saltvikscamping.se\/de\/covid-19\/#breadcrumb","itemListElement":[{"@type":"ListItem","position":1,"name":"Hem","item":"https:\/\/saltvikscamping.se\/de\/"},{"@type":"ListItem","position":2,"name":"Covid-19"}]},{"@type":"WebSite","@id":"https:\/\/saltvikscamping.se\/de\/#website","url":"https:\/\/saltvikscamping.se\/de\/","name":"Saltviks Camping","description":"Camping och stugor - Grebbestad, Bohusl\u00e4n","publisher":{"@id":"https:\/\/saltvikscamping.se\/de\/#organization"},"potentialAction":[{"@type":"SearchAction","target":{"@type":"EntryPoint","urlTemplate":"https:\/\/saltvikscamping.se\/de\/?s={search_term_string}"},"query-input":{"@type":"PropertyValueSpecification","valueRequired":true,"valueName":"search_term_string"}}],"inLanguage":"de"},{"@type":"Organization","@id":"https:\/\/saltvikscamping.se\/de\/#organization","name":"Saltviks Camping","url":"https:\/\/saltvikscamping.se\/de\/","logo":{"@type":"ImageObject","inLanguage":"de","@id":"https:\/\/saltvikscamping.se\/de\/#\/schema\/logo\/image\/","url":"https:\/\/saltvikscamping.se\/wp-content\/uploads\/2020\/05\/SALTVIKS_black.svg","contentUrl":"https:\/\/saltvikscamping.se\/wp-content\/uploads\/2020\/05\/SALTVIKS_black.svg","width":"1","height":"1","caption":"Saltviks Camping"},"image":{"@id":"https:\/\/saltvikscamping.se\/de\/#\/schema\/logo\/image\/"},"sameAs":["https:\/\/www.facebook.com\/Saltviks-Camping-143837085679368\/","https:\/\/www.instagram.com\/saltvikscamping\/"]}]}},"_links":{"self":[{"href":"https:\/\/saltvikscamping.se\/de\/wp-json\/wp\/v2\/pages\/5428","targetHints":{"allow":["GET"]}}],"collection":[{"href":"https:\/\/saltvikscamping.se\/de\/wp-json\/wp\/v2\/pages"}],"about":[{"href":"https:\/\/saltvikscamping.se\/de\/wp-json\/wp\/v2\/types\/page"}],"author":[{"embeddable":true,"href":"https:\/\/saltvikscamping.se\/de\/wp-json\/wp\/v2\/users\/1"}],"replies":[{"embeddable":true,"href":"https:\/\/saltvikscamping.se\/de\/wp-json\/wp\/v2\/comments?post=5428"}],"version-history":[{"count":5,"href":"https:\/\/saltvikscamping.se\/de\/wp-json\/wp\/v2\/pages\/5428\/revisions"}],"predecessor-version":[{"id":5433,"href":"https:\/\/saltvikscamping.se\/de\/wp-json\/wp\/v2\/pages\/5428\/revisions\/5433"}],"wp:featuredmedia":[{"embeddable":true,"href":"https:\/\/saltvikscamping.se\/de\/wp-json\/wp\/v2\/media\/121"}],"wp:attachment":[{"href":"https:\/\/saltvikscamping.se\/de\/wp-json\/wp\/v2\/media?parent=5428"}],"curies":[{"name":"wp","href":"https:\/\/api.w.org\/{rel}","templated":true}]}}