{"id":5422,"date":"2024-06-05T18:13:08","date_gmt":"2024-06-05T16:13:08","guid":{"rendered":"https:\/\/saltvikscamping.se\/?page_id=5422"},"modified":"2026-02-17T12:10:52","modified_gmt":"2026-02-17T11:10:52","slug":"hoejden-utsikten","status":"publish","type":"page","link":"https:\/\/saltvikscamping.se\/de\/hoejden-utsikten\/","title":{"rendered":"H\u00d6JDEN UND UTSIKTEN"},"content":{"rendered":"<div class=\"wpb-content-wrapper\">[vc_row row_height_percent=&#8220;40&#8243; back_color=&#8220;color-wayh&#8220; back_image=&#8220;3330&#8243; back_position=&#8220;center center&#8220; parallax=&#8220;yes&#8220; overlay_alpha=&#8220;50&#8243; gutter_size=&#8220;3&#8243; column_width_percent=&#8220;100&#8243; shift_y=&#8220;0&#8243; z_index=&#8220;0&#8243;][vc_column column_width_percent=&#8220;100&#8243; gutter_size=&#8220;3&#8243; overlay_alpha=&#8220;50&#8243; shift_x=&#8220;0&#8243; shift_y=&#8220;0&#8243; shift_y_down=&#8220;0&#8243; z_index=&#8220;0&#8243; medium_width=&#8220;0&#8243; mobile_width=&#8220;0&#8243; width=&#8220;1\/1&#8243; mobile_height=&#8220;340&#8243;][\/vc_column][\/vc_row][vc_row row_height_percent=&#8220;50&#8243; override_padding=&#8220;yes&#8220; h_padding=&#8220;2&#8243; top_padding=&#8220;1&#8243; bottom_padding=&#8220;2&#8243; overlay_alpha=&#8220;50&#8243; gutter_size=&#8220;3&#8243; column_width_percent=&#8220;100&#8243; shift_y=&#8220;0&#8243; z_index=&#8220;0&#8243;][vc_column column_width_use_pixel=&#8220;yes&#8220; position_vertical=&#8220;middle&#8220; align_horizontal=&#8220;align_center&#8220; gutter_size=&#8220;3&#8243; overlay_alpha=&#8220;50&#8243; shift_x=&#8220;0&#8243; shift_y=&#8220;0&#8243; shift_y_down=&#8220;0&#8243; z_index=&#8220;0&#8243; medium_width=&#8220;0&#8243; mobile_width=&#8220;0&#8243; width=&#8220;1\/1&#8243; column_width_pixel=&#8220;900&#8243;][vc_custom_heading text_color=&#8220;accent&#8220; heading_semantic=&#8220;h6&#8243; text_size=&#8220;fontsize-vinjett&#8220; text_transform=&#8220;uppercase&#8220; uncode_shortcode_id=&#8220;183526&#8243; text_color_type=&#8220;uncode-palette&#8220;]H\u00d6JDEN UND UTSIKTEN[\/vc_custom_heading][vc_custom_heading text_color=&#8220;accent&#8220; heading_semantic=&#8220;h1&#8243; text_size=&#8220;h1&#8243; uncode_shortcode_id=&#8220;265450&#8243; text_color_type=&#8220;uncode-palette&#8220;]H\u00f6jden und Utsikten \u2013 luxuri\u00f6ser Campingurlaub[\/vc_custom_heading][vc_column_text uncode_shortcode_id=&#8220;166343&#8243;]\n<p style=\"text-align: center;\">Am Rande der Berge von Tjurpannan liegen unsere beiden nagelneuen Mobile Homes H\u00f6jden (H\u00f6he) und Utsikten (Aussicht).<br \/>\nBeide sind f\u00fcr vier bis sechs Personen geeignet und vollst\u00e4ndig ausgestattet, ger\u00e4umig und intelligent eingerichtet mit einem hohen Standard.<br \/>\nH\u00f6jden bietet vier Schlafpl\u00e4tze: ein Schlafzimmer mit einem Doppelbett und ein Schlafsofa. Utsikten ist etwas gr\u00f6\u00dfer und hat ein zus\u00e4tzliches Schlafzimmer mit einem Etagenbett. Perfekt f\u00fcr eine gro\u00dfe Familie oder Freundesgruppe bis sechs Personen.<br \/>\nDie Mobile Homes haben neue Terrassen, die sich rund um den Wohnwagen erstrecken und einen Blick auf das Meer und den Campingplatz bieten.<\/p>\n[\/vc_column_text][vc_empty_space empty_h=&#8220;2&#8243;][vc_button button_color=&#8220;accent&#8220; outline=&#8220;yes&#8220; text_skin=&#8220;yes&#8220; border_width=&#8220;0&#8243; display=&#8220;inline&#8220; link=&#8220;url:%23|||&#8220; media_lightbox=&#8220;2618&#8243; button_color_type=&#8220;uncode-palette&#8220; uncode_shortcode_id=&#8220;198265&#8243;]PLAN DER ANLAGE [\/vc_button][vc_button button_color=&#8220;accent&#8220; border_width=&#8220;0&#8243; display=&#8220;inline&#8220; link=&#8220;url:https%3A%2F%2Fbokning4.paxess.se%2FSaltvik2|title:Boka&#8220; button_color_type=&#8220;uncode-palette&#8220; uncode_shortcode_id=&#8220;624387&#8243;]HIER BUCHEN[\/vc_button][\/vc_column][\/vc_row][vc_row unlock_row_content=&#8220;yes&#8220; row_height_percent=&#8220;0&#8243; override_padding=&#8220;yes&#8220; h_padding=&#8220;0&#8243; top_padding=&#8220;1&#8243; bottom_padding=&#8220;0&#8243; overlay_alpha=&#8220;50&#8243; equal_height=&#8220;yes&#8220; gutter_size=&#8220;0&#8243; column_width_percent=&#8220;100&#8243; shift_y=&#8220;0&#8243; z_index=&#8220;0&#8243;][vc_column column_width_percent=&#8220;64&#8243; gutter_size=&#8220;3&#8243; back_image=&#8220;2822&#8243; overlay_alpha=&#8220;50&#8243; shift_x=&#8220;0&#8243; shift_y=&#8220;0&#8243; shift_y_down=&#8220;0&#8243; z_index=&#8220;0&#8243; medium_width=&#8220;0&#8243; mobile_width=&#8220;0&#8243; width=&#8220;1\/2&#8243; mobile_height=&#8220;340&#8243;][\/vc_column][vc_column column_width_percent=&#8220;100&#8243; gutter_size=&#8220;3&#8243; override_padding=&#8220;yes&#8220; column_padding=&#8220;5&#8243; overlay_alpha=&#8220;50&#8243; shift_x=&#8220;0&#8243; shift_y=&#8220;0&#8243; shift_y_down=&#8220;0&#8243; z_index=&#8220;0&#8243; medium_width=&#8220;0&#8243; mobile_width=&#8220;0&#8243; width=&#8220;1\/2&#8243;][vc_custom_heading text_color=&#8220;color-gradient&#8220; uncode_shortcode_id=&#8220;202942&#8243; text_color_type=&#8220;uncode-palette&#8220;]Wissenswertes[\/vc_custom_heading][vc_column_text uncode_shortcode_id=&#8220;881995&#8243;]\n<ul>\n<li>Die Mobile Homes stehen Ihnen am Ankunftstag ab 15 Uhr zum Einchecken bereit.<\/li>\n<li>Bitte reinigen Sie das Mobile Home an Ihrem Abfahrtstag und verlassen Sie es bis sp\u00e4testens 11 Uhr.<\/li>\n<li>Hunde sind in H\u00f6jden und Utsikten willkommen.<\/li>\n<\/ul>\n[\/vc_column_text][vc_empty_space empty_h=&#8220;1&#8243;][vc_row_inner row_inner_height_percent=&#8220;0&#8243; force_width_grid=&#8220;yes&#8220; overlay_alpha=&#8220;50&#8243; gutter_size=&#8220;3&#8243; shift_y=&#8220;0&#8243; z_index=&#8220;0&#8243; limit_content=&#8220;&#8220;][vc_column_inner column_width_percent=&#8220;100&#8243; gutter_size=&#8220;3&#8243; overlay_alpha=&#8220;50&#8243; shift_x=&#8220;0&#8243; shift_y=&#8220;0&#8243; shift_y_down=&#8220;0&#8243; z_index=&#8220;0&#8243; medium_width=&#8220;4&#8243; mobile_width=&#8220;0&#8243; width=&#8220;1\/3&#8243;][uncode_list icon=&#8220;fa fa-check&#8220; icon_color=&#8220;accent&#8220; uncode_shortcode_id=&#8220;326074&#8243; icon_color_type=&#8220;uncode-palette&#8220;]\n<ul>\n<li>K\u00fchlschrank und Gefrierschrank<\/li>\n<li>Kombi-Mikrowelle<\/li>\n<li>Esstisch<\/li>\n<li>St\u00fchle<\/li>\n<li>Kaffeemaschine<\/li>\n<li>Terrassenm\u00f6bel<\/li>\n<li>Terrasse<\/li>\n<li>WC<\/li>\n<\/ul>\n[\/uncode_list][\/vc_column_inner][vc_column_inner column_width_percent=&#8220;100&#8243; gutter_size=&#8220;3&#8243; overlay_alpha=&#8220;50&#8243; shift_x=&#8220;0&#8243; shift_y=&#8220;0&#8243; shift_y_down=&#8220;0&#8243; z_index=&#8220;0&#8243; medium_width=&#8220;4&#8243; mobile_width=&#8220;0&#8243; width=&#8220;1\/3&#8243;][uncode_list icon=&#8220;fa fa-check&#8220; icon_color=&#8220;accent&#8220; uncode_shortcode_id=&#8220;145499&#8243; icon_color_type=&#8220;uncode-palette&#8220;]\n<ul>\n<li>Induktionskochplatte<\/li>\n<li>Geschirr<\/li>\n<li>Besteck<\/li>\n<li>Backofen<\/li>\n<li>Sp\u00fclmaschine<\/li>\n<li>1 Doppelbett<\/li>\n<li>Bettdecken und Kissen<\/li>\n<li>Dusche<\/li>\n<\/ul>\n[\/uncode_list][\/vc_column_inner][vc_column_inner width=&#8220;1\/3&#8243;][uncode_list icon=&#8220;fa fa-check&#8220; icon_color=&#8220;accent&#8220; uncode_shortcode_id=&#8220;104477&#8243; icon_color_type=&#8220;uncode-palette&#8220;]\n<ul>\n<li>WLAN<\/li>\n<li>TV-Ger\u00e4t<\/li>\n<li>Schlafsofa<\/li>\n<li>Schr\u00e4nke<\/li>\n<li>Abstellraum<\/li>\n<li>Verdunkelungsvorh\u00e4nge<\/li>\n<li>Klimaanlage<\/li>\n<li>Etagenbett (Utsikten)<\/li>\n<\/ul>\n[\/uncode_list][\/vc_column_inner][\/vc_row_inner][\/vc_column][\/vc_row][vc_row row_height_percent=&#8220;0&#8243; override_padding=&#8220;yes&#8220; h_padding=&#8220;2&#8243; top_padding=&#8220;2&#8243; bottom_padding=&#8220;5&#8243; back_color=&#8220;color-lxmt&#8220; overlay_alpha=&#8220;0&#8243; gutter_size=&#8220;100&#8243; column_width_percent=&#8220;100&#8243; shift_y=&#8220;0&#8243; z_index=&#8220;0&#8243; top_divider=&#8220;gradient&#8220; style=&#8220;inherited&#8220; row_name=&#8220;Gallery&#8220;][vc_column column_width_percent=&#8220;100&#8243; align_horizontal=&#8220;align_center&#8220; gutter_size=&#8220;4&#8243; style=&#8220;dark&#8220; overlay_alpha=&#8220;100&#8243; shift_x=&#8220;0&#8243; shift_y=&#8220;0&#8243; medium_width=&#8220;0&#8243; zoom_width=&#8220;0&#8243; zoom_height=&#8220;0&#8243; width=&#8220;1\/1&#8243; mobile_width_full=&#8220;&#8220;][vc_gallery el_id=&#8220;gallery-73689423&#8243; type=&#8220;carousel&#8220; medias=&#8220;2822,2824,2826,2828,2830,2834,2836,2838,2840,2853,2855,4535,4537,4539&#8243; carousel_lg=&#8220;1&#8243; carousel_md=&#8220;2&#8243; carousel_sm=&#8220;1&#8243; thumb_size=&#8220;nine-sixteen&#8220; gutter_size=&#8220;4&#8243; media_items=&#8220;media|lightbox|original,icon|md&#8220; carousel_interval=&#8220;0&#8243; carousel_navspeed=&#8220;400&#8243; carousel_loop=&#8220;yes&#8220; carousel_overflow=&#8220;yes&#8220; carousel_dots=&#8220;yes&#8220; carousel_dots_space=&#8220;yes&#8220; carousel_dots_mobile=&#8220;yes&#8220; stage_padding=&#8220;70&#8243; single_shape=&#8220;round&#8220; radius=&#8220;xs&#8220; single_overlay_color=&#8220;color-lxmt&#8220; single_overlay_opacity=&#8220;50&#8243; single_image_anim=&#8220;no&#8220; single_h_align=&#8220;center&#8220; single_padding=&#8220;2&#8243; single_icon=&#8220;fa fa-plus2&#8243; single_shadow=&#8220;yes&#8220; shadow_weight=&#8220;xl&#8220; shadow_darker=&#8220;yes&#8220; single_border=&#8220;yes&#8220; single_css_animation=&#8220;zoom-in&#8220; single_animation_delay=&#8220;200&#8243; lbox_no_tmb=&#8220;yes&#8220; carousel_rtl=&#8220;&#8220; single_title_uppercase=&#8220;&#8220; single_half_padding=&#8220;&#8220; single_title_serif=&#8220;&#8220; single_no_background=&#8220;&#8220; uncode_shortcode_id=&#8220;986191&#8243;][\/vc_column][\/vc_row]\n<\/div>","protected":false},"excerpt":{"rendered":"<p>[vc_row row_height_percent=&#8220;40&#8243; back_color=&#8220;color-wayh&#8220; back_image=&#8220;3330&#8243; back_position=&#8220;center center&#8220; parallax=&#8220;yes&#8220; overlay_alpha=&#8220;50&#8243; gutter_size=&#8220;3&#8243; column_width_percent=&#8220;100&#8243; shift_y=&#8220;0&#8243; z_index=&#8220;0&#8243;][vc_column column_width_percent=&#8220;100&#8243; gutter_size=&#8220;3&#8243; overlay_alpha=&#8220;50&#8243; shift_x=&#8220;0&#8243; shift_y=&#8220;0&#8243; shift_y_down=&#8220;0&#8243; z_index=&#8220;0&#8243; medium_width=&#8220;0&#8243; [&hellip;]<\/p>\n","protected":false},"author":5,"featured_media":0,"parent":0,"menu_order":0,"comment_status":"closed","ping_status":"closed","template":"","meta":{"_monsterinsights_skip_tracking":false,"_monsterinsights_sitenote_active":false,"_monsterinsights_sitenote_note":"","_monsterinsights_sitenote_category":0,"footnotes":""},"class_list":["post-5422","page","type-page","status-publish","hentry"],"yoast_head":"<!-- This site is optimized with the Yoast SEO plugin v26.8 - https:\/\/yoast.com\/product\/yoast-seo-wordpress\/ -->\n<title>H\u00d6JDEN UND UTSIKTEN - Saltviks Camping<\/title>\n<meta name=\"robots\" content=\"index, follow, max-snippet:-1, max-image-preview:large, max-video-preview:-1\" \/>\n<link rel=\"canonical\" href=\"https:\/\/saltvikscamping.se\/de\/hoejden-utsikten\/\" \/>\n<meta property=\"og:locale\" content=\"de_DE\" \/>\n<meta property=\"og:type\" content=\"article\" \/>\n<meta property=\"og:title\" content=\"H\u00d6JDEN UND UTSIKTEN - Saltviks Camping\" \/>\n<meta property=\"og:description\" content=\"[vc_row row_height_percent=&#8220;40&#8243; back_color=&#8220;color-wayh&#8220; back_image=&#8220;3330&#8243; back_position=&#8220;center center&#8220; parallax=&#8220;yes&#8220; overlay_alpha=&#8220;50&#8243; gutter_size=&#8220;3&#8243; column_width_percent=&#8220;100&#8243; shift_y=&#8220;0&#8243; z_index=&#8220;0&#8243;][vc_column column_width_percent=&#8220;100&#8243; gutter_size=&#8220;3&#8243; overlay_alpha=&#8220;50&#8243; shift_x=&#8220;0&#8243; shift_y=&#8220;0&#8243; shift_y_down=&#8220;0&#8243; z_index=&#8220;0&#8243; medium_width=&#8220;0&#8243; [&hellip;]\" \/>\n<meta property=\"og:url\" content=\"https:\/\/saltvikscamping.se\/de\/hoejden-utsikten\/\" \/>\n<meta property=\"og:site_name\" content=\"Saltviks Camping\" \/>\n<meta property=\"article:publisher\" content=\"https:\/\/www.facebook.com\/Saltviks-Camping-143837085679368\/\" \/>\n<meta property=\"article:modified_time\" content=\"2026-02-17T11:10:52+00:00\" \/>\n<meta name=\"twitter:card\" content=\"summary_large_image\" \/>\n<meta name=\"twitter:label1\" content=\"Gesch\u00e4tzte Lesezeit\" \/>\n\t<meta name=\"twitter:data1\" content=\"2\u00a0Minuten\" \/>\n<script type=\"application\/ld+json\" class=\"yoast-schema-graph\">{\"@context\":\"https:\/\/schema.org\",\"@graph\":[{\"@type\":\"WebPage\",\"@id\":\"https:\/\/saltvikscamping.se\/de\/hoejden-utsikten\/\",\"url\":\"https:\/\/saltvikscamping.se\/de\/hoejden-utsikten\/\",\"name\":\"H\u00d6JDEN UND UTSIKTEN - Saltviks Camping\",\"isPartOf\":{\"@id\":\"https:\/\/saltvikscamping.se\/de\/#website\"},\"datePublished\":\"2024-06-05T16:13:08+00:00\",\"dateModified\":\"2026-02-17T11:10:52+00:00\",\"breadcrumb\":{\"@id\":\"https:\/\/saltvikscamping.se\/de\/hoejden-utsikten\/#breadcrumb\"},\"inLanguage\":\"de\",\"potentialAction\":[{\"@type\":\"ReadAction\",\"target\":[\"https:\/\/saltvikscamping.se\/de\/hoejden-utsikten\/\"]}]},{\"@type\":\"BreadcrumbList\",\"@id\":\"https:\/\/saltvikscamping.se\/de\/hoejden-utsikten\/#breadcrumb\",\"itemListElement\":[{\"@type\":\"ListItem\",\"position\":1,\"name\":\"Hem\",\"item\":\"https:\/\/saltvikscamping.se\/de\/\"},{\"@type\":\"ListItem\",\"position\":2,\"name\":\"H\u00d6JDEN UND UTSIKTEN\"}]},{\"@type\":\"WebSite\",\"@id\":\"https:\/\/saltvikscamping.se\/de\/#website\",\"url\":\"https:\/\/saltvikscamping.se\/de\/\",\"name\":\"Saltviks Camping\",\"description\":\"Camping och stugor - Grebbestad, Bohusl\u00e4n\",\"publisher\":{\"@id\":\"https:\/\/saltvikscamping.se\/de\/#organization\"},\"potentialAction\":[{\"@type\":\"SearchAction\",\"target\":{\"@type\":\"EntryPoint\",\"urlTemplate\":\"https:\/\/saltvikscamping.se\/de\/?s={search_term_string}\"},\"query-input\":{\"@type\":\"PropertyValueSpecification\",\"valueRequired\":true,\"valueName\":\"search_term_string\"}}],\"inLanguage\":\"de\"},{\"@type\":\"Organization\",\"@id\":\"https:\/\/saltvikscamping.se\/de\/#organization\",\"name\":\"Saltviks Camping\",\"url\":\"https:\/\/saltvikscamping.se\/de\/\",\"logo\":{\"@type\":\"ImageObject\",\"inLanguage\":\"de\",\"@id\":\"https:\/\/saltvikscamping.se\/de\/#\/schema\/logo\/image\/\",\"url\":\"https:\/\/saltvikscamping.se\/wp-content\/uploads\/2020\/05\/SALTVIKS_black.svg\",\"contentUrl\":\"https:\/\/saltvikscamping.se\/wp-content\/uploads\/2020\/05\/SALTVIKS_black.svg\",\"width\":\"1\",\"height\":\"1\",\"caption\":\"Saltviks Camping\"},\"image\":{\"@id\":\"https:\/\/saltvikscamping.se\/de\/#\/schema\/logo\/image\/\"},\"sameAs\":[\"https:\/\/www.facebook.com\/Saltviks-Camping-143837085679368\/\",\"https:\/\/www.instagram.com\/saltvikscamping\/\"]}]}<\/script>\n<!-- \/ Yoast SEO plugin. -->","yoast_head_json":{"title":"H\u00d6JDEN UND UTSIKTEN - Saltviks Camping","robots":{"index":"index","follow":"follow","max-snippet":"max-snippet:-1","max-image-preview":"max-image-preview:large","max-video-preview":"max-video-preview:-1"},"canonical":"https:\/\/saltvikscamping.se\/de\/hoejden-utsikten\/","og_locale":"de_DE","og_type":"article","og_title":"H\u00d6JDEN UND UTSIKTEN - Saltviks Camping","og_description":"[vc_row row_height_percent=&#8220;40&#8243; back_color=&#8220;color-wayh&#8220; back_image=&#8220;3330&#8243; back_position=&#8220;center center&#8220; parallax=&#8220;yes&#8220; overlay_alpha=&#8220;50&#8243; gutter_size=&#8220;3&#8243; column_width_percent=&#8220;100&#8243; shift_y=&#8220;0&#8243; z_index=&#8220;0&#8243;][vc_column column_width_percent=&#8220;100&#8243; gutter_size=&#8220;3&#8243; overlay_alpha=&#8220;50&#8243; shift_x=&#8220;0&#8243; shift_y=&#8220;0&#8243; shift_y_down=&#8220;0&#8243; z_index=&#8220;0&#8243; medium_width=&#8220;0&#8243; [&hellip;]","og_url":"https:\/\/saltvikscamping.se\/de\/hoejden-utsikten\/","og_site_name":"Saltviks Camping","article_publisher":"https:\/\/www.facebook.com\/Saltviks-Camping-143837085679368\/","article_modified_time":"2026-02-17T11:10:52+00:00","twitter_card":"summary_large_image","twitter_misc":{"Gesch\u00e4tzte Lesezeit":"2\u00a0Minuten"},"schema":{"@context":"https:\/\/schema.org","@graph":[{"@type":"WebPage","@id":"https:\/\/saltvikscamping.se\/de\/hoejden-utsikten\/","url":"https:\/\/saltvikscamping.se\/de\/hoejden-utsikten\/","name":"H\u00d6JDEN UND UTSIKTEN - Saltviks Camping","isPartOf":{"@id":"https:\/\/saltvikscamping.se\/de\/#website"},"datePublished":"2024-06-05T16:13:08+00:00","dateModified":"2026-02-17T11:10:52+00:00","breadcrumb":{"@id":"https:\/\/saltvikscamping.se\/de\/hoejden-utsikten\/#breadcrumb"},"inLanguage":"de","potentialAction":[{"@type":"ReadAction","target":["https:\/\/saltvikscamping.se\/de\/hoejden-utsikten\/"]}]},{"@type":"BreadcrumbList","@id":"https:\/\/saltvikscamping.se\/de\/hoejden-utsikten\/#breadcrumb","itemListElement":[{"@type":"ListItem","position":1,"name":"Hem","item":"https:\/\/saltvikscamping.se\/de\/"},{"@type":"ListItem","position":2,"name":"H\u00d6JDEN UND UTSIKTEN"}]},{"@type":"WebSite","@id":"https:\/\/saltvikscamping.se\/de\/#website","url":"https:\/\/saltvikscamping.se\/de\/","name":"Saltviks Camping","description":"Camping och stugor - Grebbestad, Bohusl\u00e4n","publisher":{"@id":"https:\/\/saltvikscamping.se\/de\/#organization"},"potentialAction":[{"@type":"SearchAction","target":{"@type":"EntryPoint","urlTemplate":"https:\/\/saltvikscamping.se\/de\/?s={search_term_string}"},"query-input":{"@type":"PropertyValueSpecification","valueRequired":true,"valueName":"search_term_string"}}],"inLanguage":"de"},{"@type":"Organization","@id":"https:\/\/saltvikscamping.se\/de\/#organization","name":"Saltviks Camping","url":"https:\/\/saltvikscamping.se\/de\/","logo":{"@type":"ImageObject","inLanguage":"de","@id":"https:\/\/saltvikscamping.se\/de\/#\/schema\/logo\/image\/","url":"https:\/\/saltvikscamping.se\/wp-content\/uploads\/2020\/05\/SALTVIKS_black.svg","contentUrl":"https:\/\/saltvikscamping.se\/wp-content\/uploads\/2020\/05\/SALTVIKS_black.svg","width":"1","height":"1","caption":"Saltviks Camping"},"image":{"@id":"https:\/\/saltvikscamping.se\/de\/#\/schema\/logo\/image\/"},"sameAs":["https:\/\/www.facebook.com\/Saltviks-Camping-143837085679368\/","https:\/\/www.instagram.com\/saltvikscamping\/"]}]}},"_links":{"self":[{"href":"https:\/\/saltvikscamping.se\/de\/wp-json\/wp\/v2\/pages\/5422","targetHints":{"allow":["GET"]}}],"collection":[{"href":"https:\/\/saltvikscamping.se\/de\/wp-json\/wp\/v2\/pages"}],"about":[{"href":"https:\/\/saltvikscamping.se\/de\/wp-json\/wp\/v2\/types\/page"}],"author":[{"embeddable":true,"href":"https:\/\/saltvikscamping.se\/de\/wp-json\/wp\/v2\/users\/5"}],"replies":[{"embeddable":true,"href":"https:\/\/saltvikscamping.se\/de\/wp-json\/wp\/v2\/comments?post=5422"}],"version-history":[{"count":6,"href":"https:\/\/saltvikscamping.se\/de\/wp-json\/wp\/v2\/pages\/5422\/revisions"}],"predecessor-version":[{"id":8721,"href":"https:\/\/saltvikscamping.se\/de\/wp-json\/wp\/v2\/pages\/5422\/revisions\/8721"}],"wp:attachment":[{"href":"https:\/\/saltvikscamping.se\/de\/wp-json\/wp\/v2\/media?parent=5422"}],"curies":[{"name":"wp","href":"https:\/\/api.w.org\/{rel}","templated":true}]}}