{"id":5356,"date":"2024-06-05T17:18:05","date_gmt":"2024-06-05T15:18:05","guid":{"rendered":"https:\/\/saltvikscamping.se\/unterkuenfte\/stellplaetze\/"},"modified":"2024-06-05T17:18:05","modified_gmt":"2024-06-05T15:18:05","slug":"stellplaetze","status":"publish","type":"page","link":"https:\/\/saltvikscamping.se\/de\/unterkuenfte\/stellplaetze\/","title":{"rendered":"Stellpl\u00e4tze"},"content":{"rendered":"<div class=\"wpb-content-wrapper\">[vc_row row_height_percent=&#8220;36&#8243; back_color=&#8220;color-gradient&#8220; back_image=&#8220;3214&#8243; back_position=&#8220;center bottom&#8220; parallax=&#8220;yes&#8220; overlay_alpha=&#8220;50&#8243; gutter_size=&#8220;3&#8243; column_width_percent=&#8220;100&#8243; shift_y=&#8220;0&#8243; z_index=&#8220;0&#8243; row_height_pixel=&#8220;190&#8243;][vc_column width=&#8220;1\/1&#8243;][\/vc_column][\/vc_row][vc_row row_height_percent=&#8220;0&#8243; override_padding=&#8220;yes&#8220; h_padding=&#8220;2&#8243; top_padding=&#8220;5&#8243; bottom_padding=&#8220;5&#8243; overlay_alpha=&#8220;50&#8243; gutter_size=&#8220;3&#8243; column_width_percent=&#8220;100&#8243; shift_y=&#8220;0&#8243; z_index=&#8220;0&#8243;][vc_column column_width_percent=&#8220;70&#8243; align_horizontal=&#8220;align_center&#8220; gutter_size=&#8220;3&#8243; overlay_alpha=&#8220;50&#8243; shift_x=&#8220;0&#8243; shift_y=&#8220;0&#8243; shift_y_down=&#8220;0&#8243; z_index=&#8220;0&#8243; medium_width=&#8220;0&#8243; align_mobile=&#8220;align_center_mobile&#8220; mobile_width=&#8220;0&#8243; width=&#8220;1\/1&#8243;][vc_custom_heading text_color=&#8220;color-gradient&#8220; heading_semantic=&#8220;h1&#8243; el_class=&#8220;heading-margin&#8220;]Stellpl\u00e4tze auf dem Saltviks Camping[\/vc_custom_heading][vc_column_text css=&#8220;.vc_custom_1676545283234{margin-top: 16px !important;}&#8220;]Auf unserem Campingplatz k\u00f6nnen Sie einen Stellplatz f\u00fcr Ihren Wohnwagen, Ihr Wohnmobil oder Ihr Zelt buchen. Mit Ausnahme von wenigen Pl\u00e4tzen f\u00fcr Zelte haben alle unsere Stellpl\u00e4tze einen Stromanschluss, der im Preis enthalten ist. Einige unserer Stellpl\u00e4tze sind mit Wasseranschluss und Abwasserentsorgung ausgestattet.<br \/>\nWenn Sie bestimmte Vorlieben f\u00fcr Ihren Stellplatz haben, sehen Sie sich bitte den Plan von unserer Anlage an. F\u00fcr unsere G\u00e4ste mit Wohnwagen empfehlen wir den Bereich 600, der sehr beliebt ist.<br \/>\nGelbe Stellpl\u00e4tze sind f\u00fcr Wohnwagen und Wohnmobile, orangene Stellpl\u00e4tze nur f\u00fcr Wohnmobile und die Stellpl\u00e4tze in rosa\/violett sind f\u00fcr Zelte.<br \/>\nAngaben zu Preisen und zur Verf\u00fcgbarkeit finden Sie auf unserer Online-Buchungsseite.[\/vc_column_text][vc_empty_space empty_h=&#8220;1&#8243;][vc_button button_color=&#8220;accent&#8220; radius=&#8220;btn-round&#8220; hover_fx=&#8220;outlined&#8220; outline=&#8220;yes&#8220; border_width=&#8220;0&#8243; display=&#8220;inline&#8220; top_margin=&#8220;yes&#8220; link=&#8220;url:%23|&#8220; media_lightbox=&#8220;2619&#8243;]PLAN DER ANLAGE[\/vc_button][vc_button button_color=&#8220;color-gradient&#8220; radius=&#8220;btn-round&#8220; border_width=&#8220;0&#8243; display=&#8220;inline&#8220; top_margin=&#8220;yes&#8220; link=&#8220;url:https%3A%2F%2Fbokning4.paxess.se%2FSaltvik2|title:JETZT%20BUCHEN|&#8220; button_color_type=&#8220;uncode-palette&#8220; uncode_shortcode_id=&#8220;135412&#8243;]JETZT BUCHEN[\/vc_button][\/vc_column][\/vc_row][vc_row unlock_row_content=&#8220;yes&#8220; row_height_percent=&#8220;40&#8243; override_padding=&#8220;yes&#8220; h_padding=&#8220;0&#8243; top_padding=&#8220;0&#8243; bottom_padding=&#8220;0&#8243; overlay_alpha=&#8220;100&#8243; equal_height=&#8220;yes&#8220; gutter_size=&#8220;0&#8243; column_width_percent=&#8220;100&#8243; shift_y=&#8220;0&#8243; z_index=&#8220;0&#8243; style=&#8220;inherited&#8220;][vc_column column_width_percent=&#8220;100&#8243; position_horizontal=&#8220;left&#8220; gutter_size=&#8220;3&#8243; back_color=&#8220;color-gyho&#8220; back_image=&#8220;3212&#8243; overlay_alpha=&#8220;100&#8243; shift_x=&#8220;0&#8243; shift_y=&#8220;0&#8243; shift_y_down=&#8220;0&#8243; z_index=&#8220;0&#8243; medium_width=&#8220;3&#8243; mobile_width=&#8220;0&#8243; zoom_height=&#8220;0&#8243; width=&#8220;1\/3&#8243; mobile_height=&#8220;260&#8243;][\/vc_column][vc_column column_width_percent=&#8220;100&#8243; position_horizontal=&#8220;left&#8220; gutter_size=&#8220;3&#8243; override_padding=&#8220;yes&#8220; column_padding=&#8220;4&#8243; back_color=&#8220;color-lxmt&#8220; back_image=&#8220;119&#8243; overlay_alpha=&#8220;100&#8243; shift_x=&#8220;0&#8243; shift_y=&#8220;0&#8243; shift_y_down=&#8220;0&#8243; z_index=&#8220;0&#8243; medium_width=&#8220;3&#8243; mobile_width=&#8220;0&#8243; zoom_width=&#8220;0&#8243; zoom_height=&#8220;0&#8243; width=&#8220;1\/3&#8243; mobile_height=&#8220;260&#8243;][\/vc_column][vc_column column_width_percent=&#8220;100&#8243; position_horizontal=&#8220;left&#8220; gutter_size=&#8220;3&#8243; back_color=&#8220;color-xsdn&#8220; back_image=&#8220;1825&#8243; overlay_alpha=&#8220;100&#8243; shift_x=&#8220;0&#8243; shift_y=&#8220;0&#8243; shift_y_down=&#8220;0&#8243; z_index=&#8220;0&#8243; medium_width=&#8220;3&#8243; mobile_width=&#8220;0&#8243; zoom_width=&#8220;0&#8243; zoom_height=&#8220;0&#8243; width=&#8220;1\/3&#8243; mobile_height=&#8220;260&#8243;][\/vc_column][\/vc_row][vc_row unlock_row_content=&#8220;yes&#8220; row_height_percent=&#8220;40&#8243; override_padding=&#8220;yes&#8220; h_padding=&#8220;0&#8243; top_padding=&#8220;0&#8243; bottom_padding=&#8220;0&#8243; overlay_alpha=&#8220;100&#8243; equal_height=&#8220;yes&#8220; gutter_size=&#8220;0&#8243; column_width_percent=&#8220;100&#8243; shift_y=&#8220;0&#8243; z_index=&#8220;0&#8243; style=&#8220;inherited&#8220;][vc_column column_width_percent=&#8220;100&#8243; position_horizontal=&#8220;left&#8220; gutter_size=&#8220;3&#8243; back_color=&#8220;color-gyho&#8220; back_image=&#8220;3208&#8243; overlay_alpha=&#8220;100&#8243; shift_x=&#8220;0&#8243; shift_y=&#8220;0&#8243; shift_y_down=&#8220;0&#8243; z_index=&#8220;0&#8243; medium_width=&#8220;3&#8243; mobile_width=&#8220;0&#8243; zoom_height=&#8220;0&#8243; width=&#8220;1\/3&#8243; mobile_height=&#8220;260&#8243;][\/vc_column][vc_column column_width_percent=&#8220;100&#8243; position_horizontal=&#8220;left&#8220; gutter_size=&#8220;3&#8243; override_padding=&#8220;yes&#8220; column_padding=&#8220;4&#8243; back_color=&#8220;color-lxmt&#8220; back_image=&#8220;2129&#8243; overlay_alpha=&#8220;100&#8243; shift_x=&#8220;0&#8243; shift_y=&#8220;0&#8243; shift_y_down=&#8220;0&#8243; z_index=&#8220;0&#8243; medium_width=&#8220;3&#8243; mobile_width=&#8220;0&#8243; zoom_width=&#8220;0&#8243; zoom_height=&#8220;0&#8243; width=&#8220;1\/3&#8243; mobile_height=&#8220;260&#8243;][\/vc_column][vc_column column_width_percent=&#8220;100&#8243; position_horizontal=&#8220;left&#8220; gutter_size=&#8220;3&#8243; back_color=&#8220;color-xsdn&#8220; back_image=&#8220;478&#8243; overlay_alpha=&#8220;100&#8243; shift_x=&#8220;0&#8243; shift_y=&#8220;0&#8243; shift_y_down=&#8220;0&#8243; z_index=&#8220;0&#8243; medium_width=&#8220;3&#8243; mobile_width=&#8220;0&#8243; zoom_width=&#8220;0&#8243; zoom_height=&#8220;0&#8243; width=&#8220;1\/3&#8243; mobile_height=&#8220;260&#8243;][\/vc_column][\/vc_row]\n<\/div>","protected":false},"excerpt":{"rendered":"<p>[vc_row row_height_percent=&#8220;36&#8243; back_color=&#8220;color-gradient&#8220; back_image=&#8220;3214&#8243; back_position=&#8220;center bottom&#8220; parallax=&#8220;yes&#8220; overlay_alpha=&#8220;50&#8243; gutter_size=&#8220;3&#8243; column_width_percent=&#8220;100&#8243; shift_y=&#8220;0&#8243; z_index=&#8220;0&#8243; row_height_pixel=&#8220;190&#8243;][vc_column width=&#8220;1\/1&#8243;][\/vc_column][\/vc_row][vc_row row_height_percent=&#8220;0&#8243; override_padding=&#8220;yes&#8220; h_padding=&#8220;2&#8243; top_padding=&#8220;5&#8243; bottom_padding=&#8220;5&#8243; overlay_alpha=&#8220;50&#8243; [&hellip;]<\/p>\n","protected":false},"author":1,"featured_media":0,"parent":5349,"menu_order":0,"comment_status":"closed","ping_status":"closed","template":"","meta":{"_monsterinsights_skip_tracking":false,"_monsterinsights_sitenote_active":false,"_monsterinsights_sitenote_note":"","_monsterinsights_sitenote_category":0,"footnotes":""},"class_list":["post-5356","page","type-page","status-publish","hentry"],"yoast_head":"<!-- This site is optimized with the Yoast SEO plugin v26.8 - https:\/\/yoast.com\/product\/yoast-seo-wordpress\/ -->\n<title>Stellpl\u00e4tze - Saltviks Camping<\/title>\n<meta name=\"robots\" content=\"index, follow, max-snippet:-1, max-image-preview:large, max-video-preview:-1\" \/>\n<link rel=\"canonical\" href=\"https:\/\/saltvikscamping.se\/de\/unterkuenfte\/stellplaetze\/\" \/>\n<meta property=\"og:locale\" content=\"de_DE\" \/>\n<meta property=\"og:type\" content=\"article\" \/>\n<meta property=\"og:title\" content=\"Stellpl\u00e4tze - Saltviks Camping\" \/>\n<meta property=\"og:description\" content=\"[vc_row row_height_percent=&#8220;36&#8243; back_color=&#8220;color-gradient&#8220; back_image=&#8220;3214&#8243; back_position=&#8220;center bottom&#8220; parallax=&#8220;yes&#8220; overlay_alpha=&#8220;50&#8243; gutter_size=&#8220;3&#8243; column_width_percent=&#8220;100&#8243; shift_y=&#8220;0&#8243; z_index=&#8220;0&#8243; row_height_pixel=&#8220;190&#8243;][vc_column width=&#8220;1\/1&#8243;][\/vc_column][\/vc_row][vc_row row_height_percent=&#8220;0&#8243; override_padding=&#8220;yes&#8220; h_padding=&#8220;2&#8243; top_padding=&#8220;5&#8243; bottom_padding=&#8220;5&#8243; overlay_alpha=&#8220;50&#8243; [&hellip;]\" \/>\n<meta property=\"og:url\" content=\"https:\/\/saltvikscamping.se\/de\/unterkuenfte\/stellplaetze\/\" \/>\n<meta property=\"og:site_name\" content=\"Saltviks Camping\" \/>\n<meta property=\"article:publisher\" content=\"https:\/\/www.facebook.com\/Saltviks-Camping-143837085679368\/\" \/>\n<meta name=\"twitter:card\" content=\"summary_large_image\" \/>\n<meta name=\"twitter:label1\" content=\"Gesch\u00e4tzte Lesezeit\" \/>\n\t<meta name=\"twitter:data1\" content=\"3\u00a0Minuten\" \/>\n<script type=\"application\/ld+json\" class=\"yoast-schema-graph\">{\"@context\":\"https:\/\/schema.org\",\"@graph\":[{\"@type\":\"WebPage\",\"@id\":\"https:\/\/saltvikscamping.se\/de\/unterkuenfte\/stellplaetze\/\",\"url\":\"https:\/\/saltvikscamping.se\/de\/unterkuenfte\/stellplaetze\/\",\"name\":\"Stellpl\u00e4tze - Saltviks Camping\",\"isPartOf\":{\"@id\":\"https:\/\/saltvikscamping.se\/de\/#website\"},\"datePublished\":\"2024-06-05T15:18:05+00:00\",\"breadcrumb\":{\"@id\":\"https:\/\/saltvikscamping.se\/de\/unterkuenfte\/stellplaetze\/#breadcrumb\"},\"inLanguage\":\"de\",\"potentialAction\":[{\"@type\":\"ReadAction\",\"target\":[\"https:\/\/saltvikscamping.se\/de\/unterkuenfte\/stellplaetze\/\"]}]},{\"@type\":\"BreadcrumbList\",\"@id\":\"https:\/\/saltvikscamping.se\/de\/unterkuenfte\/stellplaetze\/#breadcrumb\",\"itemListElement\":[{\"@type\":\"ListItem\",\"position\":1,\"name\":\"Hem\",\"item\":\"https:\/\/saltvikscamping.se\/de\/\"},{\"@type\":\"ListItem\",\"position\":2,\"name\":\"UNTERK\u00dcNFTE\",\"item\":\"https:\/\/saltvikscamping.se\/de\/unterkuenfte\/\"},{\"@type\":\"ListItem\",\"position\":3,\"name\":\"Stellpl\u00e4tze\"}]},{\"@type\":\"WebSite\",\"@id\":\"https:\/\/saltvikscamping.se\/de\/#website\",\"url\":\"https:\/\/saltvikscamping.se\/de\/\",\"name\":\"Saltviks Camping\",\"description\":\"Camping och stugor - Grebbestad, Bohusl\u00e4n\",\"publisher\":{\"@id\":\"https:\/\/saltvikscamping.se\/de\/#organization\"},\"potentialAction\":[{\"@type\":\"SearchAction\",\"target\":{\"@type\":\"EntryPoint\",\"urlTemplate\":\"https:\/\/saltvikscamping.se\/de\/?s={search_term_string}\"},\"query-input\":{\"@type\":\"PropertyValueSpecification\",\"valueRequired\":true,\"valueName\":\"search_term_string\"}}],\"inLanguage\":\"de\"},{\"@type\":\"Organization\",\"@id\":\"https:\/\/saltvikscamping.se\/de\/#organization\",\"name\":\"Saltviks Camping\",\"url\":\"https:\/\/saltvikscamping.se\/de\/\",\"logo\":{\"@type\":\"ImageObject\",\"inLanguage\":\"de\",\"@id\":\"https:\/\/saltvikscamping.se\/de\/#\/schema\/logo\/image\/\",\"url\":\"https:\/\/saltvikscamping.se\/wp-content\/uploads\/2020\/05\/SALTVIKS_black.svg\",\"contentUrl\":\"https:\/\/saltvikscamping.se\/wp-content\/uploads\/2020\/05\/SALTVIKS_black.svg\",\"width\":\"1\",\"height\":\"1\",\"caption\":\"Saltviks Camping\"},\"image\":{\"@id\":\"https:\/\/saltvikscamping.se\/de\/#\/schema\/logo\/image\/\"},\"sameAs\":[\"https:\/\/www.facebook.com\/Saltviks-Camping-143837085679368\/\",\"https:\/\/www.instagram.com\/saltvikscamping\/\"]}]}<\/script>\n<!-- \/ Yoast SEO plugin. -->","yoast_head_json":{"title":"Stellpl\u00e4tze - Saltviks Camping","robots":{"index":"index","follow":"follow","max-snippet":"max-snippet:-1","max-image-preview":"max-image-preview:large","max-video-preview":"max-video-preview:-1"},"canonical":"https:\/\/saltvikscamping.se\/de\/unterkuenfte\/stellplaetze\/","og_locale":"de_DE","og_type":"article","og_title":"Stellpl\u00e4tze - Saltviks Camping","og_description":"[vc_row row_height_percent=&#8220;36&#8243; back_color=&#8220;color-gradient&#8220; back_image=&#8220;3214&#8243; back_position=&#8220;center bottom&#8220; parallax=&#8220;yes&#8220; overlay_alpha=&#8220;50&#8243; gutter_size=&#8220;3&#8243; column_width_percent=&#8220;100&#8243; shift_y=&#8220;0&#8243; z_index=&#8220;0&#8243; row_height_pixel=&#8220;190&#8243;][vc_column width=&#8220;1\/1&#8243;][\/vc_column][\/vc_row][vc_row row_height_percent=&#8220;0&#8243; override_padding=&#8220;yes&#8220; h_padding=&#8220;2&#8243; top_padding=&#8220;5&#8243; bottom_padding=&#8220;5&#8243; overlay_alpha=&#8220;50&#8243; [&hellip;]","og_url":"https:\/\/saltvikscamping.se\/de\/unterkuenfte\/stellplaetze\/","og_site_name":"Saltviks Camping","article_publisher":"https:\/\/www.facebook.com\/Saltviks-Camping-143837085679368\/","twitter_card":"summary_large_image","twitter_misc":{"Gesch\u00e4tzte Lesezeit":"3\u00a0Minuten"},"schema":{"@context":"https:\/\/schema.org","@graph":[{"@type":"WebPage","@id":"https:\/\/saltvikscamping.se\/de\/unterkuenfte\/stellplaetze\/","url":"https:\/\/saltvikscamping.se\/de\/unterkuenfte\/stellplaetze\/","name":"Stellpl\u00e4tze - Saltviks Camping","isPartOf":{"@id":"https:\/\/saltvikscamping.se\/de\/#website"},"datePublished":"2024-06-05T15:18:05+00:00","breadcrumb":{"@id":"https:\/\/saltvikscamping.se\/de\/unterkuenfte\/stellplaetze\/#breadcrumb"},"inLanguage":"de","potentialAction":[{"@type":"ReadAction","target":["https:\/\/saltvikscamping.se\/de\/unterkuenfte\/stellplaetze\/"]}]},{"@type":"BreadcrumbList","@id":"https:\/\/saltvikscamping.se\/de\/unterkuenfte\/stellplaetze\/#breadcrumb","itemListElement":[{"@type":"ListItem","position":1,"name":"Hem","item":"https:\/\/saltvikscamping.se\/de\/"},{"@type":"ListItem","position":2,"name":"UNTERK\u00dcNFTE","item":"https:\/\/saltvikscamping.se\/de\/unterkuenfte\/"},{"@type":"ListItem","position":3,"name":"Stellpl\u00e4tze"}]},{"@type":"WebSite","@id":"https:\/\/saltvikscamping.se\/de\/#website","url":"https:\/\/saltvikscamping.se\/de\/","name":"Saltviks Camping","description":"Camping och stugor - Grebbestad, Bohusl\u00e4n","publisher":{"@id":"https:\/\/saltvikscamping.se\/de\/#organization"},"potentialAction":[{"@type":"SearchAction","target":{"@type":"EntryPoint","urlTemplate":"https:\/\/saltvikscamping.se\/de\/?s={search_term_string}"},"query-input":{"@type":"PropertyValueSpecification","valueRequired":true,"valueName":"search_term_string"}}],"inLanguage":"de"},{"@type":"Organization","@id":"https:\/\/saltvikscamping.se\/de\/#organization","name":"Saltviks Camping","url":"https:\/\/saltvikscamping.se\/de\/","logo":{"@type":"ImageObject","inLanguage":"de","@id":"https:\/\/saltvikscamping.se\/de\/#\/schema\/logo\/image\/","url":"https:\/\/saltvikscamping.se\/wp-content\/uploads\/2020\/05\/SALTVIKS_black.svg","contentUrl":"https:\/\/saltvikscamping.se\/wp-content\/uploads\/2020\/05\/SALTVIKS_black.svg","width":"1","height":"1","caption":"Saltviks Camping"},"image":{"@id":"https:\/\/saltvikscamping.se\/de\/#\/schema\/logo\/image\/"},"sameAs":["https:\/\/www.facebook.com\/Saltviks-Camping-143837085679368\/","https:\/\/www.instagram.com\/saltvikscamping\/"]}]}},"_links":{"self":[{"href":"https:\/\/saltvikscamping.se\/de\/wp-json\/wp\/v2\/pages\/5356","targetHints":{"allow":["GET"]}}],"collection":[{"href":"https:\/\/saltvikscamping.se\/de\/wp-json\/wp\/v2\/pages"}],"about":[{"href":"https:\/\/saltvikscamping.se\/de\/wp-json\/wp\/v2\/types\/page"}],"author":[{"embeddable":true,"href":"https:\/\/saltvikscamping.se\/de\/wp-json\/wp\/v2\/users\/1"}],"replies":[{"embeddable":true,"href":"https:\/\/saltvikscamping.se\/de\/wp-json\/wp\/v2\/comments?post=5356"}],"version-history":[{"count":2,"href":"https:\/\/saltvikscamping.se\/de\/wp-json\/wp\/v2\/pages\/5356\/revisions"}],"predecessor-version":[{"id":5358,"href":"https:\/\/saltvikscamping.se\/de\/wp-json\/wp\/v2\/pages\/5356\/revisions\/5358"}],"up":[{"embeddable":true,"href":"https:\/\/saltvikscamping.se\/de\/wp-json\/wp\/v2\/pages\/5349"}],"wp:attachment":[{"href":"https:\/\/saltvikscamping.se\/de\/wp-json\/wp\/v2\/media?parent=5356"}],"curies":[{"name":"wp","href":"https:\/\/api.w.org\/{rel}","templated":true}]}}