{"id":5349,"date":"2024-06-05T17:06:21","date_gmt":"2024-06-05T15:06:21","guid":{"rendered":"https:\/\/saltvikscamping.se\/unterkuenfte\/"},"modified":"2024-06-05T17:07:48","modified_gmt":"2024-06-05T15:07:48","slug":"unterkuenfte","status":"publish","type":"page","link":"https:\/\/saltvikscamping.se\/de\/unterkuenfte\/","title":{"rendered":"UNTERK\u00dcNFTE"},"content":{"rendered":"<div class=\"wpb-content-wrapper\">[vc_row row_height_percent=&#8220;34&#8243; override_padding=&#8220;yes&#8220; h_padding=&#8220;2&#8243; top_padding=&#8220;5&#8243; bottom_padding=&#8220;5&#8243; back_image=&#8220;2884&#8243; overlay_alpha=&#8220;25&#8243; equal_height=&#8220;yes&#8220; gutter_size=&#8220;3&#8243; column_width_percent=&#8220;100&#8243; shift_y=&#8220;0&#8243; z_index=&#8220;0&#8243; top_divider=&#8220;gradient&#8220; bottom_divider=&#8220;gradient&#8220; uncode_shortcode_id=&#8220;107412&#8243;][vc_column column_width_percent=&#8220;100&#8243; position_vertical=&#8220;bottom&#8220; gutter_size=&#8220;3&#8243; style=&#8220;dark&#8220; overlay_alpha=&#8220;50&#8243; shift_x=&#8220;0&#8243; shift_y=&#8220;0&#8243; shift_y_down=&#8220;0&#8243; z_index=&#8220;0&#8243; medium_width=&#8220;0&#8243; mobile_width=&#8220;0&#8243; width=&#8220;1\/1&#8243;][\/vc_column][\/vc_row][vc_row unlock_row_content=&#8220;yes&#8220; row_height_percent=&#8220;0&#8243; overlay_alpha=&#8220;50&#8243; gutter_size=&#8220;2&#8243; column_width_percent=&#8220;100&#8243; shift_y=&#8220;0&#8243; z_index=&#8220;0&#8243; uncode_shortcode_id=&#8220;930340&#8243;][vc_column column_width_percent=&#8220;100&#8243; position_vertical=&#8220;middle&#8220; align_horizontal=&#8220;align_center&#8220; gutter_size=&#8220;3&#8243; overlay_alpha=&#8220;50&#8243; shift_x=&#8220;0&#8243; shift_y=&#8220;0&#8243; shift_y_down=&#8220;0&#8243; z_index=&#8220;0&#8243; medium_width=&#8220;0&#8243; mobile_width=&#8220;0&#8243; width=&#8220;1\/1&#8243; uncode_shortcode_id=&#8220;972800&#8243;][vc_empty_space empty_h=&#8220;1&#8243;][vc_custom_heading text_color=&#8220;color-c4c4c4&#8243; heading_semantic=&#8220;p&#8220; text_size=&#8220;fontsize-vinjett&#8220; text_weight=&#8220;700&#8243; text_transform=&#8220;uppercase&#8220; text_space=&#8220;fontspace-184602&#8243; el_class=&#8220;vinjett&#8220; uncode_shortcode_id=&#8220;206509&#8243; text_color_type=&#8220;uncode-palette&#8220;]UNTERK\u00dcNFTE[\/vc_custom_heading][vc_custom_heading text_color=&#8220;color-gradient&#8220; heading_semantic=&#8220;h1&#8243; text_size=&#8220;h1&#8243; text_weight=&#8220;700&#8243; el_class=&#8220;heading-margin&#8220; uncode_shortcode_id=&#8220;108493&#8243; text_color_type=&#8220;uncode-palette&#8220;]\n<div><b>Campingurlaub im idyllischen Grebbestad<\/b><\/div>\n[\/vc_custom_heading][vc_column_text uncode_shortcode_id=&#8220;861801&#8243;]\n<p style=\"font-weight: 400; text-align: center;\">Ist es Zeit f\u00fcr einen Campingurlaub?<br \/>\nSehnen Sie sich nach dem Meer, nach Inseln und Meeresfr\u00fcchten?<br \/>\nDann sind Sie hier genau richtig!<br \/>\nHier auf dem Saltviks Camping finden Sie gem\u00fctliche Ferienh\u00e4user, Stellpl\u00e4tze f\u00fcr Wohnwagen und Wohnmobile direkt am Meer<br \/>\nsowie wunderbare Zeltpl\u00e4tze.<br \/>\nWenn Ihnen nach ein wenig Luxus ist und Sie die beste Aussicht von Grebbestad genie\u00dfen m\u00f6chten, empfehlen wir<br \/>\nIhnen unsere Mobile Homes Klippan, Utsikten und H\u00f6jden.<\/p>\n[\/vc_column_text][vc_button button_color=&#8220;color-gradient&#8220; border_width=&#8220;0&#8243; link=&#8220;url:http%3A%2F%2Fsaltvikscamping.se%2Fwp-content%2Fuploads%2F2023%2F05%2FKarta-2023-mindre.pdf|&#8220; button_color_type=&#8220;uncode-palette&#8220; uncode_shortcode_id=&#8220;143820&#8243;]PLAN DER ANLAGE[\/vc_button][\/vc_column][\/vc_row][vc_row unlock_row_content=&#8220;yes&#8220; row_height_percent=&#8220;80&#8243; override_padding=&#8220;yes&#8220; h_padding=&#8220;2&#8243; top_padding=&#8220;1&#8243; bottom_padding=&#8220;2&#8243; overlay_alpha=&#8220;80&#8243; equal_height=&#8220;yes&#8220; gutter_size=&#8220;4&#8243; column_width_percent=&#8220;100&#8243; shift_y=&#8220;0&#8243; z_index=&#8220;0&#8243; bottom_divider=&#8220;fan-opacity&#8220; uncode_shortcode_id=&#8220;116104&#8243;][vc_column column_width_percent=&#8220;100&#8243; position_vertical=&#8220;middle&#8220; align_horizontal=&#8220;align_center&#8220; gutter_size=&#8220;3&#8243; style=&#8220;dark&#8220; overlay_alpha=&#8220;50&#8243; shift_x=&#8220;0&#8243; shift_y=&#8220;-5&#8243; shift_y_down=&#8220;0&#8243; z_index=&#8220;0&#8243; medium_width=&#8220;0&#8243; mobile_width=&#8220;0&#8243; width=&#8220;1\/1&#8243;][vc_row_inner row_inner_height_percent=&#8220;0&#8243; force_width_grid=&#8220;yes&#8220; overlay_alpha=&#8220;50&#8243; equal_height=&#8220;yes&#8220; gutter_size=&#8220;3&#8243; shift_y=&#8220;0&#8243; z_index=&#8220;0&#8243; limit_content=&#8220;&#8220;][vc_column_inner column_width_percent=&#8220;100&#8243; gutter_size=&#8220;3&#8243; overlay_alpha=&#8220;50&#8243; shift_x=&#8220;0&#8243; shift_y=&#8220;0&#8243; shift_y_down=&#8220;0&#8243; z_index=&#8220;0&#8243; medium_width=&#8220;0&#8243; mobile_width=&#8220;0&#8243; radius=&#8220;sm&#8220; shadow=&#8220;std&#8220; width=&#8220;1\/4&#8243;][vc_single_image media=&#8220;120&#8243; media_width_percent=&#8220;100&#8243; media_ratio=&#8220;four-three&#8220; el_class=&#8220;boende-img&#8220;][vc_column_text css=&#8220;.vc_custom_1702453706546{margin-top: 20px !important;padding-right: 10px !important;padding-left: 10px !important;}&#8220; uncode_shortcode_id=&#8220;994534&#8243;]\n<h4 style=\"text-align: center;\">Ferienhaus<\/h4>\n[\/vc_column_text][vc_column_text el_class=&#8220;small-text&#8220; css=&#8220;.vc_custom_1702453717338{margin-top: 15px !important;padding-right: 10px !important;padding-left: 10px !important;}&#8220; uncode_shortcode_id=&#8220;425331&#8243;]\n<p style=\"text-align: center;\">Auf dem Campingplatz verteilen sich 22 Ferienh\u00e4user mit Badezimmer, zwei Schlafzimmern, K\u00fcche, Schlafsofa und Terrasse. Alle unsere Ferienh\u00e4user haben 4+2 Betten und liegen nur einen Steinwurf entfernt vom sch\u00f6nen Naturschutzgebiet Tjurpannan.<\/p>\n[\/vc_column_text][vc_column_text css=&#8220;.vc_custom_1702453739142{margin-top: 15px !important;margin-bottom: 25px !important;}&#8220; uncode_shortcode_id=&#8220;851406&#8243;]\n<p class=\"small-bold\" style=\"text-align: center;\"><a href=\"http:\/\/saltvikscamping.se\/boende\/stugor\/\">ERFAHREN SIE MEHR<\/a><\/p>\n[\/vc_column_text][\/vc_column_inner][vc_column_inner column_width_percent=&#8220;100&#8243; gutter_size=&#8220;3&#8243; overlay_alpha=&#8220;50&#8243; shift_x=&#8220;0&#8243; shift_y=&#8220;0&#8243; shift_y_down=&#8220;0&#8243; z_index=&#8220;0&#8243; medium_width=&#8220;0&#8243; mobile_width=&#8220;0&#8243; radius=&#8220;sm&#8220; shadow=&#8220;std&#8220; width=&#8220;1\/4&#8243; link_to=&#8220;|||&#8220;][vc_single_image media=&#8220;2822&#8243; media_width_percent=&#8220;100&#8243; media_ratio=&#8220;four-three&#8220; el_class=&#8220;boende-img&#8220;][vc_column_text css=&#8220;.vc_custom_1702453781412{margin-top: 20px !important;padding-right: 10px !important;padding-left: 10px !important;}&#8220; uncode_shortcode_id=&#8220;542775&#8243;]\n<h4 style=\"text-align: center;\">H\u00f6jden und Utsikten<\/h4>\n[\/vc_column_text][vc_column_text el_class=&#8220;small-text&#8220; css=&#8220;.vc_custom_1702453791237{margin-top: 15px !important;padding-right: 10px !important;padding-left: 10px !important;}&#8220; uncode_shortcode_id=&#8220;530093&#8243;]\n<p style=\"text-align: center;\">\u201eDie H\u00f6he und die Aussicht\u201c<\/p>\n<p style=\"text-align: center;\">Unsere brandneuen Mobile Homes mit einem Hauch von Luxus!<br \/>\nDiese Mobile Homes bieten die beste Aussicht \u00fcber den Campingplatz und das Meer.<\/p>\n[\/vc_column_text][vc_column_text css=&#8220;.vc_custom_1702453747981{margin-top: 15px !important;margin-bottom: 25px !important;}&#8220; uncode_shortcode_id=&#8220;763105&#8243;]\n<p class=\"small-bold\" style=\"text-align: center;\"><a href=\"https:\/\/saltvikscamping.se\/hojden-utsikten\/\">ERFAHREN SIE MEHR<\/a><\/p>\n[\/vc_column_text][\/vc_column_inner][vc_column_inner column_width_percent=&#8220;100&#8243; gutter_size=&#8220;3&#8243; overlay_alpha=&#8220;50&#8243; shift_x=&#8220;0&#8243; shift_y=&#8220;0&#8243; shift_y_down=&#8220;0&#8243; z_index=&#8220;0&#8243; medium_width=&#8220;0&#8243; mobile_width=&#8220;0&#8243; radius=&#8220;sm&#8220; shadow=&#8220;std&#8220; width=&#8220;1\/4&#8243;][vc_single_image media=&#8220;3209&#8243; media_width_percent=&#8220;100&#8243; media_ratio=&#8220;four-three&#8220; el_class=&#8220;boende-img&#8220;][vc_column_text css=&#8220;.vc_custom_1702453811099{margin-top: 20px !important;padding-right: 10px !important;padding-left: 10px !important;}&#8220; uncode_shortcode_id=&#8220;125356&#8243;]\n<h4 style=\"text-align: center;\">Mobile homes<\/h4>\n[\/vc_column_text][vc_column_text el_class=&#8220;small-text&#8220; css=&#8220;.vc_custom_1702453828494{margin-top: 15px !important;padding-right: 10px !important;padding-left: 10px !important;}&#8220; uncode_shortcode_id=&#8220;205983&#8243;]\n<p style=\"text-align: center;\">Hier in Saltvik finden Sie Stellpl\u00e4tze in verschiedenen Gr\u00f6\u00dfen f\u00fcr Wohnwagen, Wohnmobile und Zelte. Alle unsere Stellpl\u00e4tze haben Stromanschluss, ausgenommen einige unserer Zeltpl\u00e4tze. Ob Sie direkt am Meer aufwachen oder f\u00fcr zus\u00e4tzlichen Komfort in der N\u00e4he unserer Sanit\u00e4rgeb\u00e4ude wohnen m\u00f6chten \u2013 Sie finden immer eine passende M\u00f6glichkeit!<\/p>\n[\/vc_column_text][vc_column_text css=&#8220;.vc_custom_1702453756261{margin-top: 15px !important;margin-bottom: 25px !important;}&#8220; uncode_shortcode_id=&#8220;104399&#8243;]\n<p class=\"small-bold\" style=\"text-align: center;\"><a href=\"http:\/\/saltvikscamping.se\/boende\/tomter\/#husvagn\">ERFAHREN SIE MEHR<\/a><\/p>\n[\/vc_column_text][\/vc_column_inner][vc_column_inner column_width_percent=&#8220;100&#8243; gutter_size=&#8220;3&#8243; overlay_alpha=&#8220;50&#8243; shift_x=&#8220;0&#8243; shift_y=&#8220;0&#8243; shift_y_down=&#8220;0&#8243; z_index=&#8220;0&#8243; medium_width=&#8220;0&#8243; mobile_width=&#8220;0&#8243; radius=&#8220;sm&#8220; shadow=&#8220;std&#8220; width=&#8220;1\/4&#8243;][vc_single_image media=&#8220;3040&#8243; media_width_percent=&#8220;100&#8243; media_ratio=&#8220;four-three&#8220; el_class=&#8220;boende-img&#8220;][vc_column_text css=&#8220;.vc_custom_1591691131194{margin-top: 20px !important;padding-right: 10px !important;padding-left: 10px !important;}&#8220;]\n<h4 style=\"text-align: center;\">Klippan<\/h4>\n[\/vc_column_text][vc_column_text el_class=&#8220;small-text&#8220; css=&#8220;.vc_custom_1702453843019{margin-top: 15px !important;padding-right: 10px !important;padding-left: 10px !important;}&#8220; uncode_shortcode_id=&#8220;561885&#8243;]\n<p style=\"text-align: center;\">M\u00f6chten Sie etwas abgelegen mit gro\u00dfartigem Meeresblick wohnen? Dann ist unser \u00fcbergro\u00dfes Mobile Home \u201eKlippan\u201c genau das Richtige f\u00fcr Sie!<br \/>\nDieses Mobile Home hat seinen ganz eigenen Charme und ist f\u00fcr vier Personen geeignet.<\/p>\n[\/vc_column_text][vc_column_text css=&#8220;.vc_custom_1702453765398{margin-top: 15px !important;margin-bottom: 25px !important;}&#8220; uncode_shortcode_id=&#8220;188384&#8243;]\n<p class=\"small-bold\" style=\"text-align: center;\"><a href=\"http:\/\/saltvikscamping.se\/boende\/klippan\/\">ERFAHREN SIE MEHR<\/a><\/p>\n[\/vc_column_text][\/vc_column_inner][\/vc_row_inner][\/vc_column][\/vc_row][vc_row][vc_column width=&#8220;1\/1&#8243;][vc_column_text uncode_shortcode_id=&#8220;658584&#8243;]\n<h2 style=\"text-align: center;\">Willkommen in Grebbestad \u2013 der Austernhauptstadt von Schweden<\/h2>\n<p style=\"text-align: center;\">In unserer Stadt werden beeindruckende 90 Prozent der Austern in Schweden erzeugt, doch was Grebbestad wirklich auszeichnet, sind die wilden Austern \u2013 Ostrea Edulis. Neben Meeresfr\u00fcchten, Fischerbooten und Restaurants hat Grebbestad auch eine reiche Kulturgeschichte und zahlreiche Zeugnisse der Fischereiindustrie des 19. Jahrhunderts zu bieten. Und nat\u00fcrlich einen fantastischen Campingplatz! Buchen Sie ein Ferienhaus, einen Stellplatz oder einen Platz f\u00fcr Ihr Zelt und erkunden Sie alles, was unser kleines, lebendiges Grebbestad zu bieten hat.<\/p>\n[\/vc_column_text][\/vc_column][\/vc_row][vc_row][vc_column width=&#8220;1\/1&#8243;][vc_column_text uncode_shortcode_id=&#8220;975402&#8243;]\n<h2 style=\"text-align: center;\">Mieten Sie ein Ferienhaus in der Inselwelt von Grebbestad<\/h2>\n<p style=\"text-align: center;\">M\u00f6chten Sie Urlaub auf einem Campingplatz machen und gleichzeitig nicht auf Annehmlichkeiten wie eigenes WC, Dusche und K\u00fcche verzichten? Dann ist eines unserer Ferienh\u00e4user genau das Richtige f\u00fcr Sie! Auf unserem Campingplatz bieten wir 22 Ferienh\u00e4user mit allem, was Sie f\u00fcr Ihr Urlaubsfeeling brauchen. Genie\u00dfen Sie Ihre eigene Veranda mit Terrassenm\u00f6beln und das TV-Ger\u00e4t, wenn Sie genug Sonne getankt haben.<\/p>\n[\/vc_column_text][\/vc_column][\/vc_row][vc_row][vc_column width=&#8220;1\/1&#8243;][vc_column_text uncode_shortcode_id=&#8220;140034&#8243;]\n<h2 style=\"text-align: center;\">Stellpl\u00e4tze im wundersch\u00f6nen Grebbestad<\/h2>\n<p style=\"text-align: center;\">Kommen Sie mit einem Wohnwagen oder Wohnmobil? Wir haben eine gro\u00dfe Zahl an Stellpl\u00e4tzen mit Stromanschluss, der im Tagespreis enthalten ist. Einige unserer Stellpl\u00e4tze haben auch Wasseranschluss und Abwasserentsorgung. Doch das Beste ist die N\u00e4he zum Meer und zur wunderbaren Inselwelt rund um Grebbestad.<\/p>\n[\/vc_column_text][\/vc_column][\/vc_row]\n<\/div>","protected":false},"excerpt":{"rendered":"<p>[vc_row row_height_percent=&#8220;34&#8243; override_padding=&#8220;yes&#8220; h_padding=&#8220;2&#8243; top_padding=&#8220;5&#8243; bottom_padding=&#8220;5&#8243; back_image=&#8220;2884&#8243; overlay_alpha=&#8220;25&#8243; equal_height=&#8220;yes&#8220; gutter_size=&#8220;3&#8243; column_width_percent=&#8220;100&#8243; shift_y=&#8220;0&#8243; z_index=&#8220;0&#8243; top_divider=&#8220;gradient&#8220; bottom_divider=&#8220;gradient&#8220; uncode_shortcode_id=&#8220;107412&#8243;][vc_column column_width_percent=&#8220;100&#8243; position_vertical=&#8220;bottom&#8220; gutter_size=&#8220;3&#8243; style=&#8220;dark&#8220; [&hellip;]<\/p>\n","protected":false},"author":1,"featured_media":0,"parent":0,"menu_order":0,"comment_status":"closed","ping_status":"closed","template":"","meta":{"_monsterinsights_skip_tracking":false,"_monsterinsights_sitenote_active":false,"_monsterinsights_sitenote_note":"","_monsterinsights_sitenote_category":0,"footnotes":""},"class_list":["post-5349","page","type-page","status-publish","hentry"],"yoast_head":"<!-- This site is optimized with the Yoast SEO plugin v26.8 - https:\/\/yoast.com\/product\/yoast-seo-wordpress\/ -->\n<title>Saltviks Camping \u2013 Campa i Grebbestads sk\u00e4rg\u00e5rd<\/title>\n<meta name=\"description\" content=\"L\u00e4ngtar du efter havet, sk\u00e4rg\u00e5rd och skaldjur? H\u00e4r p\u00e5 Saltviks camping hittar du mysiga stugor, havsn\u00e4ra och fina campingtomter f\u00f6r husvagn, husbil &amp; t\u00e4lt.\" \/>\n<meta name=\"robots\" content=\"index, follow, max-snippet:-1, max-image-preview:large, max-video-preview:-1\" \/>\n<link rel=\"canonical\" href=\"https:\/\/saltvikscamping.se\/de\/unterkuenfte\/\" \/>\n<meta property=\"og:locale\" content=\"de_DE\" \/>\n<meta property=\"og:type\" content=\"article\" \/>\n<meta property=\"og:title\" content=\"Saltviks Camping \u2013 Campa i Grebbestads sk\u00e4rg\u00e5rd\" \/>\n<meta property=\"og:description\" content=\"L\u00e4ngtar du efter havet, sk\u00e4rg\u00e5rd och skaldjur? H\u00e4r p\u00e5 Saltviks camping hittar du mysiga stugor, havsn\u00e4ra och fina campingtomter f\u00f6r husvagn, husbil &amp; t\u00e4lt.\" \/>\n<meta property=\"og:url\" content=\"https:\/\/saltvikscamping.se\/de\/unterkuenfte\/\" \/>\n<meta property=\"og:site_name\" content=\"Saltviks Camping\" \/>\n<meta property=\"article:publisher\" content=\"https:\/\/www.facebook.com\/Saltviks-Camping-143837085679368\/\" \/>\n<meta property=\"article:modified_time\" content=\"2024-06-05T15:07:48+00:00\" \/>\n<meta name=\"twitter:card\" content=\"summary_large_image\" \/>\n<meta name=\"twitter:label1\" content=\"Gesch\u00e4tzte Lesezeit\" \/>\n\t<meta name=\"twitter:data1\" content=\"4\u00a0Minuten\" \/>\n<script type=\"application\/ld+json\" class=\"yoast-schema-graph\">{\"@context\":\"https:\/\/schema.org\",\"@graph\":[{\"@type\":\"WebPage\",\"@id\":\"https:\/\/saltvikscamping.se\/de\/unterkuenfte\/\",\"url\":\"https:\/\/saltvikscamping.se\/de\/unterkuenfte\/\",\"name\":\"Saltviks Camping \u2013 Campa i Grebbestads sk\u00e4rg\u00e5rd\",\"isPartOf\":{\"@id\":\"https:\/\/saltvikscamping.se\/de\/#website\"},\"datePublished\":\"2024-06-05T15:06:21+00:00\",\"dateModified\":\"2024-06-05T15:07:48+00:00\",\"description\":\"L\u00e4ngtar du efter havet, sk\u00e4rg\u00e5rd och skaldjur? H\u00e4r p\u00e5 Saltviks camping hittar du mysiga stugor, havsn\u00e4ra och fina campingtomter f\u00f6r husvagn, husbil & t\u00e4lt.\",\"breadcrumb\":{\"@id\":\"https:\/\/saltvikscamping.se\/de\/unterkuenfte\/#breadcrumb\"},\"inLanguage\":\"de\",\"potentialAction\":[{\"@type\":\"ReadAction\",\"target\":[\"https:\/\/saltvikscamping.se\/de\/unterkuenfte\/\"]}]},{\"@type\":\"BreadcrumbList\",\"@id\":\"https:\/\/saltvikscamping.se\/de\/unterkuenfte\/#breadcrumb\",\"itemListElement\":[{\"@type\":\"ListItem\",\"position\":1,\"name\":\"Hem\",\"item\":\"https:\/\/saltvikscamping.se\/de\/\"},{\"@type\":\"ListItem\",\"position\":2,\"name\":\"UNTERK\u00dcNFTE\"}]},{\"@type\":\"WebSite\",\"@id\":\"https:\/\/saltvikscamping.se\/de\/#website\",\"url\":\"https:\/\/saltvikscamping.se\/de\/\",\"name\":\"Saltviks Camping\",\"description\":\"Camping och stugor - Grebbestad, Bohusl\u00e4n\",\"publisher\":{\"@id\":\"https:\/\/saltvikscamping.se\/de\/#organization\"},\"potentialAction\":[{\"@type\":\"SearchAction\",\"target\":{\"@type\":\"EntryPoint\",\"urlTemplate\":\"https:\/\/saltvikscamping.se\/de\/?s={search_term_string}\"},\"query-input\":{\"@type\":\"PropertyValueSpecification\",\"valueRequired\":true,\"valueName\":\"search_term_string\"}}],\"inLanguage\":\"de\"},{\"@type\":\"Organization\",\"@id\":\"https:\/\/saltvikscamping.se\/de\/#organization\",\"name\":\"Saltviks Camping\",\"url\":\"https:\/\/saltvikscamping.se\/de\/\",\"logo\":{\"@type\":\"ImageObject\",\"inLanguage\":\"de\",\"@id\":\"https:\/\/saltvikscamping.se\/de\/#\/schema\/logo\/image\/\",\"url\":\"https:\/\/saltvikscamping.se\/wp-content\/uploads\/2020\/05\/SALTVIKS_black.svg\",\"contentUrl\":\"https:\/\/saltvikscamping.se\/wp-content\/uploads\/2020\/05\/SALTVIKS_black.svg\",\"width\":\"1\",\"height\":\"1\",\"caption\":\"Saltviks Camping\"},\"image\":{\"@id\":\"https:\/\/saltvikscamping.se\/de\/#\/schema\/logo\/image\/\"},\"sameAs\":[\"https:\/\/www.facebook.com\/Saltviks-Camping-143837085679368\/\",\"https:\/\/www.instagram.com\/saltvikscamping\/\"]}]}<\/script>\n<!-- \/ Yoast SEO plugin. -->","yoast_head_json":{"title":"Saltviks Camping \u2013 Campa i Grebbestads sk\u00e4rg\u00e5rd","description":"L\u00e4ngtar du efter havet, sk\u00e4rg\u00e5rd och skaldjur? H\u00e4r p\u00e5 Saltviks camping hittar du mysiga stugor, havsn\u00e4ra och fina campingtomter f\u00f6r husvagn, husbil & t\u00e4lt.","robots":{"index":"index","follow":"follow","max-snippet":"max-snippet:-1","max-image-preview":"max-image-preview:large","max-video-preview":"max-video-preview:-1"},"canonical":"https:\/\/saltvikscamping.se\/de\/unterkuenfte\/","og_locale":"de_DE","og_type":"article","og_title":"Saltviks Camping \u2013 Campa i Grebbestads sk\u00e4rg\u00e5rd","og_description":"L\u00e4ngtar du efter havet, sk\u00e4rg\u00e5rd och skaldjur? H\u00e4r p\u00e5 Saltviks camping hittar du mysiga stugor, havsn\u00e4ra och fina campingtomter f\u00f6r husvagn, husbil & t\u00e4lt.","og_url":"https:\/\/saltvikscamping.se\/de\/unterkuenfte\/","og_site_name":"Saltviks Camping","article_publisher":"https:\/\/www.facebook.com\/Saltviks-Camping-143837085679368\/","article_modified_time":"2024-06-05T15:07:48+00:00","twitter_card":"summary_large_image","twitter_misc":{"Gesch\u00e4tzte Lesezeit":"4\u00a0Minuten"},"schema":{"@context":"https:\/\/schema.org","@graph":[{"@type":"WebPage","@id":"https:\/\/saltvikscamping.se\/de\/unterkuenfte\/","url":"https:\/\/saltvikscamping.se\/de\/unterkuenfte\/","name":"Saltviks Camping \u2013 Campa i Grebbestads sk\u00e4rg\u00e5rd","isPartOf":{"@id":"https:\/\/saltvikscamping.se\/de\/#website"},"datePublished":"2024-06-05T15:06:21+00:00","dateModified":"2024-06-05T15:07:48+00:00","description":"L\u00e4ngtar du efter havet, sk\u00e4rg\u00e5rd och skaldjur? H\u00e4r p\u00e5 Saltviks camping hittar du mysiga stugor, havsn\u00e4ra och fina campingtomter f\u00f6r husvagn, husbil & t\u00e4lt.","breadcrumb":{"@id":"https:\/\/saltvikscamping.se\/de\/unterkuenfte\/#breadcrumb"},"inLanguage":"de","potentialAction":[{"@type":"ReadAction","target":["https:\/\/saltvikscamping.se\/de\/unterkuenfte\/"]}]},{"@type":"BreadcrumbList","@id":"https:\/\/saltvikscamping.se\/de\/unterkuenfte\/#breadcrumb","itemListElement":[{"@type":"ListItem","position":1,"name":"Hem","item":"https:\/\/saltvikscamping.se\/de\/"},{"@type":"ListItem","position":2,"name":"UNTERK\u00dcNFTE"}]},{"@type":"WebSite","@id":"https:\/\/saltvikscamping.se\/de\/#website","url":"https:\/\/saltvikscamping.se\/de\/","name":"Saltviks Camping","description":"Camping och stugor - Grebbestad, Bohusl\u00e4n","publisher":{"@id":"https:\/\/saltvikscamping.se\/de\/#organization"},"potentialAction":[{"@type":"SearchAction","target":{"@type":"EntryPoint","urlTemplate":"https:\/\/saltvikscamping.se\/de\/?s={search_term_string}"},"query-input":{"@type":"PropertyValueSpecification","valueRequired":true,"valueName":"search_term_string"}}],"inLanguage":"de"},{"@type":"Organization","@id":"https:\/\/saltvikscamping.se\/de\/#organization","name":"Saltviks Camping","url":"https:\/\/saltvikscamping.se\/de\/","logo":{"@type":"ImageObject","inLanguage":"de","@id":"https:\/\/saltvikscamping.se\/de\/#\/schema\/logo\/image\/","url":"https:\/\/saltvikscamping.se\/wp-content\/uploads\/2020\/05\/SALTVIKS_black.svg","contentUrl":"https:\/\/saltvikscamping.se\/wp-content\/uploads\/2020\/05\/SALTVIKS_black.svg","width":"1","height":"1","caption":"Saltviks Camping"},"image":{"@id":"https:\/\/saltvikscamping.se\/de\/#\/schema\/logo\/image\/"},"sameAs":["https:\/\/www.facebook.com\/Saltviks-Camping-143837085679368\/","https:\/\/www.instagram.com\/saltvikscamping\/"]}]}},"_links":{"self":[{"href":"https:\/\/saltvikscamping.se\/de\/wp-json\/wp\/v2\/pages\/5349","targetHints":{"allow":["GET"]}}],"collection":[{"href":"https:\/\/saltvikscamping.se\/de\/wp-json\/wp\/v2\/pages"}],"about":[{"href":"https:\/\/saltvikscamping.se\/de\/wp-json\/wp\/v2\/types\/page"}],"author":[{"embeddable":true,"href":"https:\/\/saltvikscamping.se\/de\/wp-json\/wp\/v2\/users\/1"}],"replies":[{"embeddable":true,"href":"https:\/\/saltvikscamping.se\/de\/wp-json\/wp\/v2\/comments?post=5349"}],"version-history":[{"count":3,"href":"https:\/\/saltvikscamping.se\/de\/wp-json\/wp\/v2\/pages\/5349\/revisions"}],"predecessor-version":[{"id":5352,"href":"https:\/\/saltvikscamping.se\/de\/wp-json\/wp\/v2\/pages\/5349\/revisions\/5352"}],"wp:attachment":[{"href":"https:\/\/saltvikscamping.se\/de\/wp-json\/wp\/v2\/media?parent=5349"}],"curies":[{"name":"wp","href":"https:\/\/api.w.org\/{rel}","templated":true}]}}