{"id":5335,"date":"2024-06-05T15:39:59","date_gmt":"2024-06-05T13:39:59","guid":{"rendered":"https:\/\/saltvikscamping.se\/ueber-den-campingplatz\/"},"modified":"2024-06-05T15:40:00","modified_gmt":"2024-06-05T13:40:00","slug":"ueber-den-campingplatz","status":"publish","type":"page","link":"https:\/\/saltvikscamping.se\/de\/ueber-den-campingplatz\/","title":{"rendered":"\u00dcBER DEN CAMPINGPLATZ"},"content":{"rendered":"<div class=\"wpb-content-wrapper\">[vc_row row_height_percent=&#8220;0&#8243; back_color=&#8220;color-gradient&#8220; back_image=&#8220;155&#8243; back_position=&#8220;center center&#8220; parallax=&#8220;yes&#8220; overlay_alpha=&#8220;50&#8243; gutter_size=&#8220;3&#8243; column_width_percent=&#8220;100&#8243; shift_y=&#8220;0&#8243; z_index=&#8220;0&#8243; row_height_pixel=&#8220;190&#8243;][vc_column width=&#8220;1\/1&#8243;][\/vc_column][\/vc_row][vc_row row_height_percent=&#8220;0&#8243; override_padding=&#8220;yes&#8220; h_padding=&#8220;2&#8243; top_padding=&#8220;5&#8243; bottom_padding=&#8220;5&#8243; overlay_alpha=&#8220;50&#8243; gutter_size=&#8220;4&#8243; column_width_percent=&#8220;100&#8243; shift_y=&#8220;0&#8243; z_index=&#8220;0&#8243;][vc_column column_width_percent=&#8220;100&#8243; gutter_size=&#8220;2&#8243; overlay_alpha=&#8220;50&#8243; shift_x=&#8220;0&#8243; shift_y=&#8220;0&#8243; shift_y_down=&#8220;0&#8243; z_index=&#8220;0&#8243; medium_width=&#8220;0&#8243; mobile_width=&#8220;0&#8243; width=&#8220;1\/1&#8243;][vc_row_inner][vc_column_inner column_width_percent=&#8220;100&#8243; gutter_size=&#8220;2&#8243; overlay_alpha=&#8220;50&#8243; shift_x=&#8220;0&#8243; shift_y=&#8220;0&#8243; shift_y_down=&#8220;0&#8243; z_index=&#8220;0&#8243; medium_width=&#8220;0&#8243; mobile_width=&#8220;0&#8243; width=&#8220;2\/6&#8243;][vc_custom_heading heading_semantic=&#8220;h1&#8243; text_size=&#8220;h1&#8243; text_color=&#8220;color-gradient&#8220;]Willkommen bei Saltviks Camping[\/vc_custom_heading][\/vc_column_inner][vc_column_inner column_width_percent=&#8220;100&#8243; gutter_size=&#8220;3&#8243; overlay_alpha=&#8220;50&#8243; shift_x=&#8220;0&#8243; shift_y=&#8220;0&#8243; shift_y_down=&#8220;0&#8243; z_index=&#8220;0&#8243; medium_width=&#8220;0&#8243; mobile_width=&#8220;0&#8243; width=&#8220;4\/6&#8243;][vc_column_text]Besuchen Sie uns mit Ihrem Wohnwagen, Wohnmobil oder Zelt \u2013 oder mieten Sie ein Ferienhaus.<\/p>\n<p>Baden Sie mit Ihren Kindern im Meer oder lassen Sie sie sich auf unserem tollen Spielplatz austoben. Am Strand finden Sie auch ein Beachvolleyball-Netz und Trainingsger\u00e4te f\u00fcr alle, die im Urlaub ihre Fitness verbessern m\u00f6chten.<br \/>\nLegen Sie einfach ein Handtuch auf die warmen Felsen und genie\u00dfen Sie unsere wunderbare Umgebung.<\/p>\n<p>Wenn Sie in See stechen m\u00f6chten, k\u00f6nnen Sie bei uns Tretboote, SUP-Boards und sogar Motorboote leihen. Sie bekommen sie an unserem Strandkiosk Strandh\u00e4nget.<br \/>\nErkunden Sie auch das sch\u00f6ne Naturschutzgebiet Tjurpannan, das den Campingplatz umgibt. Hier finden Sie sch\u00f6ne Wege zum Wandern, Joggen und Radfahren.<\/p>\n<p>Besuchen Sie unser beliebtes Restaurant Saltviks Bistro &#038; Bar mit einem ausgesuchten Angebot an Speisen und Getr\u00e4nken. Im Hochsommer bietet es an mehreren Tagen in der Woche auch ein Unterhaltungsprogramm.<\/p>\n<p>In unserem gut sortierten Laden bekommen Sie immer frische Br\u00f6tchen, Kuchen, Zeitungen, Lebensmittel, Eis, Camping-Zubeh\u00f6r und vieles mehr.<\/p>\n<p>Bei uns gibt es keine Langeweile \u2013 wir freuen uns, Sie bald bei uns zu begr\u00fc\u00dfen![\/vc_column_text][\/vc_column_inner][\/vc_row_inner][vc_empty_space empty_h=&#8220;0&#8243;][\/vc_column][\/vc_row][vc_row unlock_row_content=&#8220;yes&#8220; row_height_percent=&#8220;40&#8243; override_padding=&#8220;yes&#8220; h_padding=&#8220;0&#8243; top_padding=&#8220;0&#8243; bottom_padding=&#8220;0&#8243; overlay_alpha=&#8220;100&#8243; equal_height=&#8220;yes&#8220; gutter_size=&#8220;0&#8243; column_width_percent=&#8220;100&#8243; shift_y=&#8220;0&#8243; z_index=&#8220;0&#8243; style=&#8220;inherited&#8220;][vc_column column_width_percent=&#8220;100&#8243; position_horizontal=&#8220;left&#8220; gutter_size=&#8220;3&#8243; back_color=&#8220;color-gyho&#8220; back_image=&#8220;913&#8243; back_position=&#8220;center top&#8220; overlay_alpha=&#8220;100&#8243; shift_x=&#8220;0&#8243; shift_y=&#8220;0&#8243; shift_y_down=&#8220;0&#8243; z_index=&#8220;0&#8243; medium_width=&#8220;3&#8243; mobile_width=&#8220;0&#8243; zoom_height=&#8220;0&#8243; width=&#8220;1\/3&#8243; mobile_height=&#8220;260&#8243;][\/vc_column][vc_column column_width_percent=&#8220;100&#8243; position_horizontal=&#8220;left&#8220; gutter_size=&#8220;3&#8243; override_padding=&#8220;yes&#8220; column_padding=&#8220;4&#8243; back_color=&#8220;color-lxmt&#8220; back_image=&#8220;948&#8243; overlay_alpha=&#8220;100&#8243; shift_x=&#8220;0&#8243; shift_y=&#8220;0&#8243; shift_y_down=&#8220;0&#8243; z_index=&#8220;0&#8243; medium_width=&#8220;3&#8243; mobile_width=&#8220;0&#8243; zoom_width=&#8220;0&#8243; zoom_height=&#8220;0&#8243; width=&#8220;1\/3&#8243; mobile_height=&#8220;260&#8243;][\/vc_column][vc_column column_width_percent=&#8220;100&#8243; position_horizontal=&#8220;left&#8220; gutter_size=&#8220;3&#8243; back_color=&#8220;color-xsdn&#8220; back_image=&#8220;934&#8243; back_position=&#8220;center bottom&#8220; overlay_alpha=&#8220;100&#8243; shift_x=&#8220;0&#8243; shift_y=&#8220;0&#8243; shift_y_down=&#8220;0&#8243; z_index=&#8220;0&#8243; medium_width=&#8220;3&#8243; mobile_width=&#8220;0&#8243; zoom_width=&#8220;0&#8243; zoom_height=&#8220;0&#8243; width=&#8220;1\/3&#8243; mobile_height=&#8220;260&#8243;][\/vc_column][\/vc_row]\n<\/div>","protected":false},"excerpt":{"rendered":"<p>[vc_row row_height_percent=&#8220;0&#8243; back_color=&#8220;color-gradient&#8220; back_image=&#8220;155&#8243; back_position=&#8220;center center&#8220; parallax=&#8220;yes&#8220; overlay_alpha=&#8220;50&#8243; gutter_size=&#8220;3&#8243; column_width_percent=&#8220;100&#8243; shift_y=&#8220;0&#8243; z_index=&#8220;0&#8243; row_height_pixel=&#8220;190&#8243;][vc_column width=&#8220;1\/1&#8243;][\/vc_column][\/vc_row][vc_row row_height_percent=&#8220;0&#8243; override_padding=&#8220;yes&#8220; h_padding=&#8220;2&#8243; top_padding=&#8220;5&#8243; bottom_padding=&#8220;5&#8243; overlay_alpha=&#8220;50&#8243; [&hellip;]<\/p>\n","protected":false},"author":1,"featured_media":0,"parent":0,"menu_order":0,"comment_status":"closed","ping_status":"closed","template":"","meta":{"_monsterinsights_skip_tracking":false,"_monsterinsights_sitenote_active":false,"_monsterinsights_sitenote_note":"","_monsterinsights_sitenote_category":0,"footnotes":""},"class_list":["post-5335","page","type-page","status-publish","hentry"],"yoast_head":"<!-- This site is optimized with the Yoast SEO plugin v26.8 - https:\/\/yoast.com\/product\/yoast-seo-wordpress\/ -->\n<title>\u00dcBER DEN CAMPINGPLATZ - Saltviks Camping<\/title>\n<meta name=\"robots\" content=\"index, follow, max-snippet:-1, max-image-preview:large, max-video-preview:-1\" \/>\n<link rel=\"canonical\" href=\"https:\/\/saltvikscamping.se\/de\/ueber-den-campingplatz\/\" \/>\n<meta property=\"og:locale\" content=\"de_DE\" \/>\n<meta property=\"og:type\" content=\"article\" \/>\n<meta property=\"og:title\" content=\"\u00dcBER DEN CAMPINGPLATZ - Saltviks Camping\" \/>\n<meta property=\"og:description\" content=\"[vc_row row_height_percent=&#8220;0&#8243; back_color=&#8220;color-gradient&#8220; back_image=&#8220;155&#8243; back_position=&#8220;center center&#8220; parallax=&#8220;yes&#8220; overlay_alpha=&#8220;50&#8243; gutter_size=&#8220;3&#8243; column_width_percent=&#8220;100&#8243; shift_y=&#8220;0&#8243; z_index=&#8220;0&#8243; row_height_pixel=&#8220;190&#8243;][vc_column width=&#8220;1\/1&#8243;][\/vc_column][\/vc_row][vc_row row_height_percent=&#8220;0&#8243; override_padding=&#8220;yes&#8220; h_padding=&#8220;2&#8243; top_padding=&#8220;5&#8243; bottom_padding=&#8220;5&#8243; overlay_alpha=&#8220;50&#8243; [&hellip;]\" \/>\n<meta property=\"og:url\" content=\"https:\/\/saltvikscamping.se\/de\/ueber-den-campingplatz\/\" \/>\n<meta property=\"og:site_name\" content=\"Saltviks Camping\" \/>\n<meta property=\"article:publisher\" content=\"https:\/\/www.facebook.com\/Saltviks-Camping-143837085679368\/\" \/>\n<meta property=\"article:modified_time\" content=\"2024-06-05T13:40:00+00:00\" \/>\n<meta name=\"twitter:card\" content=\"summary_large_image\" \/>\n<meta name=\"twitter:label1\" content=\"Gesch\u00e4tzte Lesezeit\" \/>\n\t<meta name=\"twitter:data1\" content=\"3\u00a0Minuten\" \/>\n<script type=\"application\/ld+json\" class=\"yoast-schema-graph\">{\"@context\":\"https:\/\/schema.org\",\"@graph\":[{\"@type\":\"WebPage\",\"@id\":\"https:\/\/saltvikscamping.se\/de\/ueber-den-campingplatz\/\",\"url\":\"https:\/\/saltvikscamping.se\/de\/ueber-den-campingplatz\/\",\"name\":\"\u00dcBER DEN CAMPINGPLATZ - Saltviks Camping\",\"isPartOf\":{\"@id\":\"https:\/\/saltvikscamping.se\/de\/#website\"},\"datePublished\":\"2024-06-05T13:39:59+00:00\",\"dateModified\":\"2024-06-05T13:40:00+00:00\",\"breadcrumb\":{\"@id\":\"https:\/\/saltvikscamping.se\/de\/ueber-den-campingplatz\/#breadcrumb\"},\"inLanguage\":\"de\",\"potentialAction\":[{\"@type\":\"ReadAction\",\"target\":[\"https:\/\/saltvikscamping.se\/de\/ueber-den-campingplatz\/\"]}]},{\"@type\":\"BreadcrumbList\",\"@id\":\"https:\/\/saltvikscamping.se\/de\/ueber-den-campingplatz\/#breadcrumb\",\"itemListElement\":[{\"@type\":\"ListItem\",\"position\":1,\"name\":\"Hem\",\"item\":\"https:\/\/saltvikscamping.se\/de\/\"},{\"@type\":\"ListItem\",\"position\":2,\"name\":\"\u00dcBER DEN CAMPINGPLATZ\"}]},{\"@type\":\"WebSite\",\"@id\":\"https:\/\/saltvikscamping.se\/de\/#website\",\"url\":\"https:\/\/saltvikscamping.se\/de\/\",\"name\":\"Saltviks Camping\",\"description\":\"Camping och stugor - Grebbestad, Bohusl\u00e4n\",\"publisher\":{\"@id\":\"https:\/\/saltvikscamping.se\/de\/#organization\"},\"potentialAction\":[{\"@type\":\"SearchAction\",\"target\":{\"@type\":\"EntryPoint\",\"urlTemplate\":\"https:\/\/saltvikscamping.se\/de\/?s={search_term_string}\"},\"query-input\":{\"@type\":\"PropertyValueSpecification\",\"valueRequired\":true,\"valueName\":\"search_term_string\"}}],\"inLanguage\":\"de\"},{\"@type\":\"Organization\",\"@id\":\"https:\/\/saltvikscamping.se\/de\/#organization\",\"name\":\"Saltviks Camping\",\"url\":\"https:\/\/saltvikscamping.se\/de\/\",\"logo\":{\"@type\":\"ImageObject\",\"inLanguage\":\"de\",\"@id\":\"https:\/\/saltvikscamping.se\/de\/#\/schema\/logo\/image\/\",\"url\":\"https:\/\/saltvikscamping.se\/wp-content\/uploads\/2020\/05\/SALTVIKS_black.svg\",\"contentUrl\":\"https:\/\/saltvikscamping.se\/wp-content\/uploads\/2020\/05\/SALTVIKS_black.svg\",\"width\":\"1\",\"height\":\"1\",\"caption\":\"Saltviks Camping\"},\"image\":{\"@id\":\"https:\/\/saltvikscamping.se\/de\/#\/schema\/logo\/image\/\"},\"sameAs\":[\"https:\/\/www.facebook.com\/Saltviks-Camping-143837085679368\/\",\"https:\/\/www.instagram.com\/saltvikscamping\/\"]}]}<\/script>\n<!-- \/ Yoast SEO plugin. -->","yoast_head_json":{"title":"\u00dcBER DEN CAMPINGPLATZ - Saltviks Camping","robots":{"index":"index","follow":"follow","max-snippet":"max-snippet:-1","max-image-preview":"max-image-preview:large","max-video-preview":"max-video-preview:-1"},"canonical":"https:\/\/saltvikscamping.se\/de\/ueber-den-campingplatz\/","og_locale":"de_DE","og_type":"article","og_title":"\u00dcBER DEN CAMPINGPLATZ - Saltviks Camping","og_description":"[vc_row row_height_percent=&#8220;0&#8243; back_color=&#8220;color-gradient&#8220; back_image=&#8220;155&#8243; back_position=&#8220;center center&#8220; parallax=&#8220;yes&#8220; overlay_alpha=&#8220;50&#8243; gutter_size=&#8220;3&#8243; column_width_percent=&#8220;100&#8243; shift_y=&#8220;0&#8243; z_index=&#8220;0&#8243; row_height_pixel=&#8220;190&#8243;][vc_column width=&#8220;1\/1&#8243;][\/vc_column][\/vc_row][vc_row row_height_percent=&#8220;0&#8243; override_padding=&#8220;yes&#8220; h_padding=&#8220;2&#8243; top_padding=&#8220;5&#8243; bottom_padding=&#8220;5&#8243; overlay_alpha=&#8220;50&#8243; [&hellip;]","og_url":"https:\/\/saltvikscamping.se\/de\/ueber-den-campingplatz\/","og_site_name":"Saltviks Camping","article_publisher":"https:\/\/www.facebook.com\/Saltviks-Camping-143837085679368\/","article_modified_time":"2024-06-05T13:40:00+00:00","twitter_card":"summary_large_image","twitter_misc":{"Gesch\u00e4tzte Lesezeit":"3\u00a0Minuten"},"schema":{"@context":"https:\/\/schema.org","@graph":[{"@type":"WebPage","@id":"https:\/\/saltvikscamping.se\/de\/ueber-den-campingplatz\/","url":"https:\/\/saltvikscamping.se\/de\/ueber-den-campingplatz\/","name":"\u00dcBER DEN CAMPINGPLATZ - Saltviks Camping","isPartOf":{"@id":"https:\/\/saltvikscamping.se\/de\/#website"},"datePublished":"2024-06-05T13:39:59+00:00","dateModified":"2024-06-05T13:40:00+00:00","breadcrumb":{"@id":"https:\/\/saltvikscamping.se\/de\/ueber-den-campingplatz\/#breadcrumb"},"inLanguage":"de","potentialAction":[{"@type":"ReadAction","target":["https:\/\/saltvikscamping.se\/de\/ueber-den-campingplatz\/"]}]},{"@type":"BreadcrumbList","@id":"https:\/\/saltvikscamping.se\/de\/ueber-den-campingplatz\/#breadcrumb","itemListElement":[{"@type":"ListItem","position":1,"name":"Hem","item":"https:\/\/saltvikscamping.se\/de\/"},{"@type":"ListItem","position":2,"name":"\u00dcBER DEN CAMPINGPLATZ"}]},{"@type":"WebSite","@id":"https:\/\/saltvikscamping.se\/de\/#website","url":"https:\/\/saltvikscamping.se\/de\/","name":"Saltviks Camping","description":"Camping och stugor - Grebbestad, Bohusl\u00e4n","publisher":{"@id":"https:\/\/saltvikscamping.se\/de\/#organization"},"potentialAction":[{"@type":"SearchAction","target":{"@type":"EntryPoint","urlTemplate":"https:\/\/saltvikscamping.se\/de\/?s={search_term_string}"},"query-input":{"@type":"PropertyValueSpecification","valueRequired":true,"valueName":"search_term_string"}}],"inLanguage":"de"},{"@type":"Organization","@id":"https:\/\/saltvikscamping.se\/de\/#organization","name":"Saltviks Camping","url":"https:\/\/saltvikscamping.se\/de\/","logo":{"@type":"ImageObject","inLanguage":"de","@id":"https:\/\/saltvikscamping.se\/de\/#\/schema\/logo\/image\/","url":"https:\/\/saltvikscamping.se\/wp-content\/uploads\/2020\/05\/SALTVIKS_black.svg","contentUrl":"https:\/\/saltvikscamping.se\/wp-content\/uploads\/2020\/05\/SALTVIKS_black.svg","width":"1","height":"1","caption":"Saltviks Camping"},"image":{"@id":"https:\/\/saltvikscamping.se\/de\/#\/schema\/logo\/image\/"},"sameAs":["https:\/\/www.facebook.com\/Saltviks-Camping-143837085679368\/","https:\/\/www.instagram.com\/saltvikscamping\/"]}]}},"_links":{"self":[{"href":"https:\/\/saltvikscamping.se\/de\/wp-json\/wp\/v2\/pages\/5335","targetHints":{"allow":["GET"]}}],"collection":[{"href":"https:\/\/saltvikscamping.se\/de\/wp-json\/wp\/v2\/pages"}],"about":[{"href":"https:\/\/saltvikscamping.se\/de\/wp-json\/wp\/v2\/types\/page"}],"author":[{"embeddable":true,"href":"https:\/\/saltvikscamping.se\/de\/wp-json\/wp\/v2\/users\/1"}],"replies":[{"embeddable":true,"href":"https:\/\/saltvikscamping.se\/de\/wp-json\/wp\/v2\/comments?post=5335"}],"version-history":[{"count":2,"href":"https:\/\/saltvikscamping.se\/de\/wp-json\/wp\/v2\/pages\/5335\/revisions"}],"predecessor-version":[{"id":5337,"href":"https:\/\/saltvikscamping.se\/de\/wp-json\/wp\/v2\/pages\/5335\/revisions\/5337"}],"wp:attachment":[{"href":"https:\/\/saltvikscamping.se\/de\/wp-json\/wp\/v2\/media?parent=5335"}],"curies":[{"name":"wp","href":"https:\/\/api.w.org\/{rel}","templated":true}]}}